{"id":99,"date":"2022-02-14T11:37:02","date_gmt":"2022-02-14T10:37:02","guid":{"rendered":"https:\/\/przegorzaly.ccmiatfdtj.cfolks.pl\/?page_id=99"},"modified":"2024-11-25T22:03:45","modified_gmt":"2024-11-25T21:03:45","slug":"ludzie-sumien","status":"publish","type":"page","link":"https:\/\/przegorzaly.pl\/?page_id=99","title":{"rendered":"Warto zagl\u0105da\u0107"},"content":{"rendered":"<p><strong><a href=\"http:\/\/mateusz.pl\/czytania\/2022\/\" target=\"_blank\" rel=\"noopener\">Czytania mszalne na ka\u017cdy dzie\u0144<\/a><\/strong><\/p>\n<p><strong><a href=\"https:\/\/modlitwawdrodze.pl\" target=\"_blank\" rel=\"noopener\">Modlitwa w drodze<\/a><\/strong> (rozwa\u017cania do Ewangelii z dnia)<\/p>\n<p><strong><a href=\"https:\/\/jezuici.pl\/\" target=\"_blank\" rel=\"noopener\">Portal jezuit\u00f3w w Polsce<\/a><\/strong><\/p>\n<p><strong><a href=\"https:\/\/wydawnictwowam.pl\/\" target=\"_blank\" rel=\"noopener\">Wydawnictwo WAM w Krakowie<\/a><\/strong><\/p>\n<p><strong><a href=\"https:\/\/misje-jezuickie.pl\/\" target=\"_blank\" rel=\"noopener\">Referat misyjny &#8211; wsparcie dla misjonarzy<\/a><\/strong>&nbsp;<\/p>\n<p><strong><a href=\"https:\/\/diecezja.pl\/\" target=\"_blank\" rel=\"noopener\">Archidiecezja krakowska<\/a><\/strong><\/p>\n<p><a href=\"https:\/\/episkopat.pl\/informacje-episkopatu\/\" target=\"_blank\" rel=\"noopener\"><strong>Informacje Episkopatu Polski<\/strong><\/a><\/p>\n<p><strong><a href=\"https:\/\/www.vaticannews.va\/pl.html\" target=\"_blank\" rel=\"noopener\">Wiadomo\u015bci Radia Watyka\u0144skiego<\/a><\/strong><\/p>\n<p><a href=\"https:\/\/tato.net\/czytelnia\/artykuly\" target=\"_blank\" rel=\"noopener\"><strong>Portal pomocny w stawaniu si\u0119 lepszym tat\u0105<\/strong><\/a><\/p>\n","protected":false},"excerpt":{"rendered":"<p>Czytania mszalne na ka\u017cdy dzie\u0144 Modlitwa w drodze (rozwa\u017cania do Ewangelii z dnia) Portal jezuit\u00f3w w Polsce Wydawnictwo WAM w Krakowie Referat misyjny &#8211; wsparcie dla misjonarzy&nbsp; Archidiecezja krakowska Informacje Episkopatu Polski Wiadomo\u015bci Radia Watyka\u0144skiego Portal pomocny w stawaniu si\u0119 lepszym tat\u0105<\/p>\n","protected":false},"author":207,"featured_media":0,"parent":0,"menu_order":3,"comment_status":"closed","ping_status":"closed","template":"","meta":{"_et_pb_use_builder":"","_et_pb_old_content":"","_et_gb_content_width":"","ngg_post_thumbnail":0,"footnotes":""},"class_list":["post-99","page","type-page","status-publish","hentry"],"_links":{"self":[{"href":"https:\/\/przegorzaly.pl\/index.php?rest_route=\/wp\/v2\/pages\/99","targetHints":{"allow":["GET"]}}],"collection":[{"href":"https:\/\/przegorzaly.pl\/index.php?rest_route=\/wp\/v2\/pages"}],"about":[{"href":"https:\/\/przegorzaly.pl\/index.php?rest_route=\/wp\/v2\/types\/page"}],"author":[{"embeddable":true,"href":"https:\/\/przegorzaly.pl\/index.php?rest_route=\/wp\/v2\/users\/207"}],"replies":[{"embeddable":true,"href":"https:\/\/przegorzaly.pl\/index.php?rest_route=%2Fwp%2Fv2%2Fcomments&post=99"}],"version-history":[{"count":19,"href":"https:\/\/przegorzaly.pl\/index.php?rest_route=\/wp\/v2\/pages\/99\/revisions"}],"predecessor-version":[{"id":1812,"href":"https:\/\/przegorzaly.pl\/index.php?rest_route=\/wp\/v2\/pages\/99\/revisions\/1812"}],"wp:attachment":[{"href":"https:\/\/przegorzaly.pl\/index.php?rest_route=%2Fwp%2Fv2%2Fmedia&parent=99"}],"curies":[{"name":"wp","href":"https:\/\/api.w.org\/{rel}","templated":true}]}}