{"id":88,"date":"2022-02-14T11:32:27","date_gmt":"2022-02-14T10:32:27","guid":{"rendered":"https:\/\/przegorzaly.ccmiatfdtj.cfolks.pl\/?page_id=88"},"modified":"2022-02-15T11:31:17","modified_gmt":"2022-02-15T10:31:17","slug":"postawy-i-gesty","status":"publish","type":"page","link":"https:\/\/przegorzaly.pl\/?page_id=88","title":{"rendered":"Postawy i gesty"},"content":{"rendered":"<p style=\"text-align: center;\"><strong><span style=\"color: #0000ff;\">Postawy i gesty w liturgii<\/span><\/strong><\/p>\n<p>Postawy i gesty w liturgii maj\u0105 swoj\u0105 symbolik\u0119. Samo cia\u0142o ludzkie ma swoj\u0105 wymow\u0119 w liturgii.<\/p>\n<p>Og\u00f3lne Wprowadzenie do Msza\u0142u zwraca uwag\u0105 na to, i\u017c &#8222;jednakowa postawa cia\u0142a, kt\u00f3r\u0105 powinni zachowa\u0107 wszyscy uczestnicy liturgii, jest znakiem wsp\u00f3lnoty i jedno\u015bci zgromadzenia, wyra\u017ca bowiem, a zarazem wywiera wp\u0142yw na my\u015bli i uczucia uczestnik\u00f3w&#8221; (nr 20).<\/p>\n<p>Jak zewn\u0119trzne zachowanie si\u0119 cz\u0142owieka wynika zawsze z wewn\u0119trznego usposobienia, tak r\u00f3wnie\u017c w liturgii zewn\u0119trzne wykonywanie pewnych gest\u00f3w jest przejawem prze\u017cy\u0107 wewn\u0119trznych. I z drugiej strony: przyjmowanie zewn\u0119trznych postaw potrzebne jest dla obudzenia i rozwijania w sobie wewn\u0119trznego kultu Boga. Kult bowiem ze swej natury ma charakter ca\u0142o\u015bciowy; to znaczy dotyczy tak wn\u0119trza cz\u0142owieka, jak i jego cia\u0142a. Ludzie praktykuj\u0105 pewne gesty dla g\u0142\u0119bszego i \u017cywszego zajmowania si\u0119 sprawami Bo\u017cymi. Tak jak ludzie okazuj\u0105 sobie mi\u0142o\u015b\u0107 i uczucia za pomoc\u0105 gest\u00f3w; tak w liturgii; postawy i gesty s\u0105 znakami mi\u0142o\u015bci do Boga. Dlatego tak wa\u017cne jest, by by\u0142y zachowywane i wykonywane z czu\u0142\u0105 staranno\u015bci\u0105, czci\u0105 i skupieniem. Dotyczy to zw\u0142aszcza nas &#8211; s\u0142ug O\u0142tarza, z kt\u00f3rych wz\u00f3r ma czerpa\u0107 ca\u0142e zgromadzenie liturgiczne.<\/p>\n<p>Czym r\u00f3\u017cni si\u0119 postawa od gestu? Postawa dotyczy uk\u0142adu ca\u0142ego cia\u0142a, gest za\u015b jego cz\u0119\u015bci: najcz\u0119\u015bciej g\u0142owy lub r\u0105k.<\/p>\n<p><strong><span style=\"color: #0000ff;\">Postawy liturgiczne:<br \/>\n<\/span><\/strong>&#8211; Postawa stoj\u0105ca<br \/>\n&#8211; Postawa kl\u0119cz\u0105ca<br \/>\n&#8211; Postawa siedz\u0105ca<br \/>\n&#8211; Le\u017cenie krzy\u017cem<br \/>\n&#8211; Procesja<br \/>\n&#8211; Pok\u0142on<\/p>\n<p><span style=\"color: #0000ff;\">Gesty liturgiczne:<br \/>\n<\/span>&#8211; Podnoszenie oczu<br \/>\n&#8211; Poca\u0142unek pokoju<br \/>\n&#8211; Znak pokoju<br \/>\n&#8211; Na\u0142o\u017cenie r\u0105k<br \/>\n&#8211; Roz\u0142o\u017cenie r\u0105k<br \/>\n&#8211; Z\u0142o\u017cenie r\u0105k<br \/>\n&#8211; Bicie si\u0119 w piersi<br \/>\n&#8211; Obmycie r\u0105k<br \/>\n&#8211; Znak krzy\u017ca<\/p>\n","protected":false},"excerpt":{"rendered":"<p>Postawy i gesty w liturgii Postawy i gesty w liturgii maj\u0105 swoj\u0105 symbolik\u0119. Samo cia\u0142o ludzkie ma swoj\u0105 wymow\u0119 w liturgii. Og\u00f3lne Wprowadzenie do Msza\u0142u zwraca uwag\u0105 na to, i\u017c &#8222;jednakowa postawa cia\u0142a, kt\u00f3r\u0105 powinni zachowa\u0107 wszyscy uczestnicy liturgii, jest znakiem wsp\u00f3lnoty i jedno\u015bci zgromadzenia, wyra\u017ca bowiem, a zarazem wywiera wp\u0142yw na my\u015bli i uczucia [&hellip;]<\/p>\n","protected":false},"author":207,"featured_media":0,"parent":0,"menu_order":4,"comment_status":"closed","ping_status":"closed","template":"","meta":{"_et_pb_use_builder":"","_et_pb_old_content":"","_et_gb_content_width":"","ngg_post_thumbnail":0,"footnotes":""},"class_list":["post-88","page","type-page","status-publish","hentry"],"_links":{"self":[{"href":"https:\/\/przegorzaly.pl\/index.php?rest_route=\/wp\/v2\/pages\/88","targetHints":{"allow":["GET"]}}],"collection":[{"href":"https:\/\/przegorzaly.pl\/index.php?rest_route=\/wp\/v2\/pages"}],"about":[{"href":"https:\/\/przegorzaly.pl\/index.php?rest_route=\/wp\/v2\/types\/page"}],"author":[{"embeddable":true,"href":"https:\/\/przegorzaly.pl\/index.php?rest_route=\/wp\/v2\/users\/207"}],"replies":[{"embeddable":true,"href":"https:\/\/przegorzaly.pl\/index.php?rest_route=%2Fwp%2Fv2%2Fcomments&post=88"}],"version-history":[{"count":2,"href":"https:\/\/przegorzaly.pl\/index.php?rest_route=\/wp\/v2\/pages\/88\/revisions"}],"predecessor-version":[{"id":210,"href":"https:\/\/przegorzaly.pl\/index.php?rest_route=\/wp\/v2\/pages\/88\/revisions\/210"}],"wp:attachment":[{"href":"https:\/\/przegorzaly.pl\/index.php?rest_route=%2Fwp%2Fv2%2Fmedia&parent=88"}],"curies":[{"name":"wp","href":"https:\/\/api.w.org\/{rel}","templated":true}]}}