{"id":87,"date":"2022-02-14T11:32:14","date_gmt":"2022-02-14T10:32:14","guid":{"rendered":"https:\/\/przegorzaly.ccmiatfdtj.cfolks.pl\/?page_id=87"},"modified":"2022-09-12T23:39:11","modified_gmt":"2022-09-12T22:39:11","slug":"zasady-sluzby","status":"publish","type":"page","link":"https:\/\/przegorzaly.pl\/?page_id=87","title":{"rendered":"Zasady s\u0142u\u017cby"},"content":{"rendered":"<p><span style=\"color: #000000\"><strong>Ministrant przy o\u0142tarzu i w zakrystii<\/strong><\/span><\/p>\n<p>Pami\u0119ta, \u017ce przy o\u0142tarzu us\u0142uguje samemu Bogu jako wybrany przedstawiciel Wsp\u00f3lnoty Parafialnej.<br \/>\nAktywne i w skupieniu uczestniczy w Liturgii i g\u0142o\u015bno i wyra\u017anie wypowiada s\u0142owa modlitw, bierze udzia\u0142 w \u015bpiewach oraz starannie wykonuje czynno\u015bci powierzone mu przez Prze\u0142o\u017conych.<br \/>\nOdmawiaj\u0105c przed i po Mszy \u015bw. wsp\u00f3ln\u0105 modlitw\u0119 ministrant\u00f3w nie zapomina r\u00f3wnie\u017c o osobistym przygotowaniu i dzi\u0119kczynieniu za pos\u0142ug\u0119 w czasie Liturgii.<br \/>\nStara si\u0119 uczestniczy\u0107 w Eucharystii w spos\u00f3b pe\u0142ny, tzn. w stanie \u0142aski u\u015bwi\u0119caj\u0105cej, przyjmuj\u0105c Komuni\u0119 \u015bw.<br \/>\nTroszczy si\u0119 o czysto\u015b\u0107 serca i cia\u0142a. Jego zawsze czysty str\u00f3j liturgiczny jest znakiem serca gotowego na przyj\u0119cie Chrystusa.<br \/>\nBezpo\u015brednio po przyj\u015bciu do zakrystii ubiera si\u0119 w swoje szaty liturgiczne, a przed wyj\u015bciem starannie je sk\u0142ada lub wiesza na wieszaku<br \/>\nZawsze ch\u0119tnie uczestniczy w przygotowaniu \u015awi\u0119tej Liturgii i miejsca jej odprawiania.<br \/>\nNiczego nie bierze i nie dotyka w ko\u015bciele lub w zakrystii bez pozwolenia kap\u0142ana albo ko\u015bcielnego.<br \/>\nPrzychodzi do zakrystii co najmniej 10 minut przed rozpocz\u0119ciem \u015awi\u0119tej Liturgii. M\u00f3wi z powag\u0105 i wyra\u017anie: &#8222;Kr\u00f3luj nam Chryste&#8221; i tym samym pozdrowieniem wita te\u017c przychodz\u0105cego kap\u0142ana<br \/>\nUnika niepotrzebnych rozm\u00f3w w zakrystii i prezbiterium. Z z konieczno\u015bci m\u00f3wi kr\u00f3tko i rzeczowo, a przede wszystkim szeptem.<br \/>\nStara si\u0119 wype\u0142nia\u0107 dok\u0142adnie i w skupieniu, sobie w\u0142a\u015bciw\u0105 ministrancka postaw\u0105 liturgiczn\u0105, a w razie potrzeby jest zawsze got\u00f3w podj\u0105\u0107 funkcje ministranta stopnia ni\u017cszego.<br \/>\nPo sko\u0144czonej Liturgii wychodzi z zakrystii w ciszy i spokoju, pami\u0119taj\u0105c, \u017ce jest ona cz\u0119\u015bci\u0105 Ko\u015bcio\u0142a, w kt\u00f3rym mieszka B\u00f3g.<\/p>\n<p><span style=\"color: #000000\">ZASADY LITURGICZNEJ S\u0141U\u017bBY O\u0141TARZA<\/span><\/p>\n<p><span style=\"color: #333300\"><strong>Ministrant<\/strong><\/span><br \/>\n1 &#8211; Kocha Boga i dla Jego chwa\u0142y wzorowo spe\u0142nia swe obowi\u0105zki.<br \/>\n2 &#8211; S\u0142u\u017cy Chrystusowi w Ludzie Bo\u017cym.<br \/>\n3 &#8211; Rozwija w sobie \u017cycie nadprzyrodzone.<br \/>\n4 &#8211; Pracuje nad swoim charakterem i czuwa nad czysto\u015bci\u0105 serca i duszy.<br \/>\n5 &#8211; Poznaje liturgi\u0119 i \u017cyje ni\u0105.<br \/>\n6 &#8211; Modli si\u0119 za Ko\u015bci\u00f3\u0142 i Ojczyzn\u0119, s\u0142u\u017cy im rzeteln\u0105 prac\u0105.<br \/>\n7 &#8211; Jest dobrym synem i bratem w swej rodzinie.<br \/>\n8 &#8211; Swoj\u0105 chrze\u015bcija\u0144sk\u0105 postaw\u0119 wnosi wsz\u0119dzie prawdziw\u0105 rado\u015b\u0107.<br \/>\n9 &#8211; Przez swoj\u0105 pilno\u015b\u0107 i sumienno\u015b\u0107 staje si\u0119 przyk\u0142adem dla innych.<br \/>\n10 &#8211; Na podobie\u0144stwo kap\u0142ana stara si\u0119 by\u0107 drugim Chrystusem w swoim \u015brodowisku.<\/p>\n<p><span style=\"color: #333300\"><strong>Lektor<\/strong><\/span><br \/>\n1 &#8211; Jezus Chrystus &#8211; jest jego \u015awiat\u0142em i \u017byciem oraz jedyn\u0105 drog\u0105 do Ojca; przyj\u0105\u0142 Go jako swego Pana i Zbawiciela, odda\u0142 mu swoje \u017cycie, aby nim kierowa\u0142.<br \/>\n2 &#8211; Niepokalana &#8211; jest dla niego najdoskonalszym wzorem Nowego Cz\u0142owieka oddanego ca\u0142kowicie w Duchu \u015awi\u0119tym Chrystusowi, Jego s\u0142owu i dzie\u0142u; dlatego odda\u0142 si\u0119 Jej, rozwa\u017ca z Ni\u0105 w r\u00f3\u017ca\u0144cu tajemnice zbawienia i na\u015bladuje J\u0105.<br \/>\n3 &#8211; Duch \u015awi\u0119ty &#8211; kt\u00f3ry nama\u015bci\u0142 Jezusa, sprawi\u0142 \u017ce narodzi\u0142 si\u0119 na nowo do \u017cycia dziecka Bo\u017cego skierowanego w mi\u0142o\u015bci i pos\u0142usze\u0144stwie ku Ojcu; dlatego chce prowadzi\u0107 \u017cycie w Duchu, poddaj\u0105c si\u0119 Jego tchnieniu i mocy.<br \/>\n4 &#8211; Ko\u015bci\u00f3\u0142 &#8211; wsp\u00f3lnota pielgrzymuj\u0105cego Ludu Bo\u017cego, zjednoczona z Ojcem przez Syna w Duchu \u015awi\u0119tym jest dla niego jedynym \u015brodowiskiem \u017cycia, w kt\u00f3rym mo\u017ce si\u0119 rozwija\u0107. Chce wzrasta\u0107 coraz g\u0142\u0119biej w t\u0119 bratersk\u0105 wsp\u00f3lnot\u0119 w ramach parafii, kt\u00f3ra jest znakiem i urzeczywistnieniem Ko\u015bcio\u0142a powszechnego.<br \/>\n5 &#8211; S\u0142owo Bo\u017ce &#8211; staje si\u0119 dla niego \u015bwiat\u0142em \u017cycia i b\u0119dzie podejmowa\u0142 sta\u0142y wysi\u0142ek zachowania go tre\u015bci\u0105 \u017cycia; dlatego chce karmi\u0107 si\u0119 nim jak najcz\u0119\u015bciej, szczeg\u00f3lnie poprzez osobiste i wsp\u00f3lne z bra\u0107mi studiowanie Pisma \u015awi\u0119tego.<br \/>\n6 &#8211; Modlitwa &#8211; jest oddechem Nowego \u017bycia, wielkim przywilejem i rado\u015bci\u0105 Nowego Cz\u0142owieka, \u017ar\u00f3d\u0142em mocy i dzie\u0142em Ducha \u015awi\u0119tego w nim, dlatego chce by\u0107 wierny praktyce codziennej rozmowy z Bogiem.<br \/>\n7 &#8211; Liturgia &#8211; szczeg\u00f3lnie Eucharystyczna, jest uprzywilejowanym miejscem spotkania z Chrystusem w Duchu \u015awi\u0119tym, znakiem objawiaj\u0105cym i urzeczywistniaj\u0105cym tajemnic\u0119 Ko\u015bcio\u0142a &#8211; wsp\u00f3lnoty oraz \u017ar\u00f3d\u0142em i szczytem jego \u017cycia; dlatego chce zawsze jak najpe\u0142niej uczestniczy\u0107 w pos\u0142udze liturgicznej wed\u0142ug wszelkich zalece\u0144 odnowy Ko\u015bcio\u0142a.<br \/>\n8 &#8211; \u015awiadectwo &#8211; s\u0142owa i \u017cycia jest nakazem Pana, kt\u00f3ry chce aby\u015bmy dzi\u0119ki mocy Ducha \u015awi\u0119tego, mogli sta\u0107 si\u0119 Jego \u015bwiadkami; ufaj\u0105c tej mocy i modl\u0105c si\u0119 o ni\u0105 chce przy ka\u017cdej okazji wyzna\u0107 Chrystusa, swego Pana i Zbawiciela.<br \/>\n9 &#8211; Nowa Kultura &#8211; polega na uwolnieniu cz\u0142owieka od wszystkiego co poni\u017ca jego godno\u015b\u0107 oraz rozwijaniu warto\u015bci osoby i wsp\u00f3lnoty we wszystkich dziedzinach \u017cycia; jest ona bardzo potrzebn\u0105 form\u0105 \u015bwiadectwa i ewangelizacji, jego \u015bwiadectwem w tej dziedzinie b\u0119dzie wi\u0119c ofiara abstynencji od alkoholu, tytoniu i wszelkich narkotyk\u00f3w oraz szerzenie kultu czysto\u015bci i skromno\u015bci jako wyrazu szacunku dla osoby.<br \/>\n10 &#8211; Agape &#8211; czyli pi\u0119kna mi\u0142o\u015b\u0107, jak\u0105 Duch \u015awi\u0119ty rozlewa w sercach naszych, dzi\u0119ki kt\u00f3rej mo\u017cemy odnale\u017a\u0107 si\u0119 w pe\u0142ni przez bezinteresowny dar z siebie dla Boga i bli\u017anich, jest najwy\u017csz\u0105 form\u0105 \u015bwiadectwa i urzeczywistnienia si\u0119 osoby; dlatego poprzez sta\u0142e nawracanie si\u0119 i na\u015bladowanie Chrystusowego Krzy\u017ca, chce wdra\u017ca\u0107 si\u0119 w postaw\u0119 bezinteresownej s\u0142u\u017cby, na wz\u00f3r Syna Cz\u0142owieczego, dla Ko\u015bcio\u0142a oraz wszystkich braci zw\u0142aszcza biednych i uci\u015bnionych.<\/p>\n","protected":false},"excerpt":{"rendered":"<p>Ministrant przy o\u0142tarzu i w zakrystii Pami\u0119ta, \u017ce przy o\u0142tarzu us\u0142uguje samemu Bogu jako wybrany przedstawiciel Wsp\u00f3lnoty Parafialnej. Aktywne i w skupieniu uczestniczy w Liturgii i g\u0142o\u015bno i wyra\u017anie wypowiada s\u0142owa modlitw, bierze udzia\u0142 w \u015bpiewach oraz starannie wykonuje czynno\u015bci powierzone mu przez Prze\u0142o\u017conych. Odmawiaj\u0105c przed i po Mszy \u015bw. wsp\u00f3ln\u0105 modlitw\u0119 ministrant\u00f3w nie zapomina [&hellip;]<\/p>\n","protected":false},"author":207,"featured_media":0,"parent":0,"menu_order":3,"comment_status":"closed","ping_status":"closed","template":"","meta":{"_et_pb_use_builder":"","_et_pb_old_content":"","_et_gb_content_width":"","ngg_post_thumbnail":0,"footnotes":""},"class_list":["post-87","page","type-page","status-publish","hentry"],"_links":{"self":[{"href":"https:\/\/przegorzaly.pl\/index.php?rest_route=\/wp\/v2\/pages\/87","targetHints":{"allow":["GET"]}}],"collection":[{"href":"https:\/\/przegorzaly.pl\/index.php?rest_route=\/wp\/v2\/pages"}],"about":[{"href":"https:\/\/przegorzaly.pl\/index.php?rest_route=\/wp\/v2\/types\/page"}],"author":[{"embeddable":true,"href":"https:\/\/przegorzaly.pl\/index.php?rest_route=\/wp\/v2\/users\/207"}],"replies":[{"embeddable":true,"href":"https:\/\/przegorzaly.pl\/index.php?rest_route=%2Fwp%2Fv2%2Fcomments&post=87"}],"version-history":[{"count":3,"href":"https:\/\/przegorzaly.pl\/index.php?rest_route=\/wp\/v2\/pages\/87\/revisions"}],"predecessor-version":[{"id":827,"href":"https:\/\/przegorzaly.pl\/index.php?rest_route=\/wp\/v2\/pages\/87\/revisions\/827"}],"wp:attachment":[{"href":"https:\/\/przegorzaly.pl\/index.php?rest_route=%2Fwp%2Fv2%2Fmedia&parent=87"}],"curies":[{"name":"wp","href":"https:\/\/api.w.org\/{rel}","templated":true}]}}