{"id":86,"date":"2022-02-14T11:32:01","date_gmt":"2022-02-14T10:32:01","guid":{"rendered":"https:\/\/przegorzaly.ccmiatfdtj.cfolks.pl\/?page_id=86"},"modified":"2022-02-16T17:25:24","modified_gmt":"2022-02-16T16:25:24","slug":"swieci-patroni","status":"publish","type":"page","link":"https:\/\/przegorzaly.pl\/?page_id=86","title":{"rendered":"\u015awi\u0119ci Patroni"},"content":{"rendered":"<h4><span style=\"color: #0000ff;\"><strong>\u015aw. Alojzy Gonzaga<br \/>\n<img loading=\"lazy\" decoding=\"async\" class=\"size-medium wp-image-204 aligncenter\" src=\"https:\/\/przegorzaly.jezuici.plici.pl\/wp-content\/blogs.dir\/152\/files\/2022\/02\/gonzaga-253x300.jpg\" alt=\"\" width=\"253\" height=\"300\" srcset=\"https:\/\/przegorzaly.pl\/files\/2022\/02\/gonzaga-253x300.jpg 253w, https:\/\/przegorzaly.pl\/files\/2022\/02\/gonzaga.jpg 476w\" sizes=\"(max-width: 253px) 100vw, 253px\" \/><br \/>\n<\/strong><\/span><\/h4>\n<p>\u015aw. Alojzy Gonzaga urodzi\u0142 si\u0119 9 marca 1568 roku w Castiglione delle Stiviere. Jego rodzina nale\u017ca\u0142a do najznakomitszych rod\u00f3w ksi\u0105\u017c\u0119cych i najstarszego syna szykowa\u0142a do kariery rycerskiej lub dworskiej. Szczeg\u00f3lnie pragn\u0105\u0142 tego ojciec. W wieku 7 lat Alojzy, jak sam to p\u00f3\u017aniej wyzna\u0142, poczu\u0142 niech\u0119\u0107 do \u017cycia \u015bwieckiego. Zrodzi\u0142o si\u0119 w nim pragnienie s\u0142u\u017cenia Bogu. Zmartwi\u0142o to wielce jego ojca, kt\u00f3ry zabiera\u0142 syna na r\u00f3\u017cne dwory, chc\u0105c odci\u0105gn\u0105\u0107 go od tego postanowienia. M\u0142ody Gonzaga sp\u0119dza\u0142 w tym czasie wiele godzin na modlitwie, czyta\u0142 ksi\u0105\u017cki religijne. Pilnie zdobywa\u0142 wiedz\u0119 kszta\u0142c\u0105c si\u0119 w najlepszych szko\u0142ach. Wytrwa\u0142o\u015bci\u0105 i uporem d\u0105\u017cy\u0142 do realizacji swych zamierze\u0144, a\u017c wreszcie w 1585 roku uda\u0142 si\u0119 do Rzymu i zosta\u0142 przyj\u0119ty do nowicjatu jezuit\u00f3w. Opuszczaj\u0105c dom rodzinny, zrzek\u0142 si\u0119 swojego maj\u0105tku na korzy\u015b\u0107 brata. W zakonie odznacza\u0142 si\u0119 gorliwo\u015bci\u0105, a szczeg\u00f3lnie umi\u0142owaniem cnoty czysto\u015bci. Na rok przed \u015bwi\u0119ceniami kap\u0142a\u0144skimi, pos\u0142uguj\u0105c ofiarom epidemii sam si\u0119 zarazi\u0142 i zmar\u0142 dnia 21 czerwca 1591 roku, maj\u0105c 23 lata.<\/p>\n<p>S\u0142awa jego \u015bwi\u0119to\u015bci by\u0142a tek du\u017ca, \u017ce w 1605 roku papie\u017c Pawe\u0142 V og\u0142osi\u0142 go b\u0142ogos\u0142awionym. Natomiast kanonizowa\u0142 go, razem ze \u015bw. Stanis\u0142awem Kostk\u0105, papie\u017c Benedykt XIII w 1726 roku. Alojzy jest patronem studiuj\u0105cej m\u0142odzie\u017cy. Cela zakonna, w kt\u00f3rej mieszka\u0142, zosta\u0142a zamieniona na kaplic\u0119.<\/p>\n<p><a href=\"https:\/\/przegorzaly.jezuici.pl\/?page_id=244\">Modlitwa do \u015bw. Alojzego Gonzagi<\/a><br \/>\n<a href=\"https:\/\/przegorzaly.jezuici.pl\/?page_id=248\">Litania do \u015bw. Alojzego Gonzagi<\/a><\/p>\n<p><strong><span style=\"color: #0000ff;\">\u015aw. Jan Berchmans<br \/>\n<img loading=\"lazy\" decoding=\"async\" class=\"size-medium wp-image-205 aligncenter\" src=\"https:\/\/przegorzaly.jezuici.plici.pl\/wp-content\/blogs.dir\/152\/files\/2022\/02\/b-300x157.jpg\" alt=\"\" width=\"300\" height=\"157\" srcset=\"https:\/\/przegorzaly.pl\/files\/2022\/02\/b-300x157.jpg 300w, https:\/\/przegorzaly.pl\/files\/2022\/02\/b-1024x537.jpg 1024w, https:\/\/przegorzaly.pl\/files\/2022\/02\/b-768x403.jpg 768w, https:\/\/przegorzaly.pl\/files\/2022\/02\/b.jpg 1180w\" sizes=\"(max-width: 300px) 100vw, 300px\" \/><br \/>\n<\/span><\/strong><\/p>\n<p>\u015bw. Jan Berchmans urodzi\u0142 si\u0119 13 marca 1599 roku w Diest w Belgii. Pochodzi\u0142 ze \u015brednio zamo\u017cnej rodziny. Jego ojciec by\u0142 grabarzem, matka natomiast c\u00f3rk\u0105 miejscowego burmistrza. Od najm\u0142odszych lat s\u0142ysza\u0142 w sercu g\u0142os Chrystusa &#8211; &#8222;p\u00f3jd\u017a za mn\u0105&#8221;. Jednak warunki materialne rodziny, a potem \u015bmier\u0107 matki utrudnia\u0142y mu nauk\u0119. M\u0142ody Jan dzi\u0119ki opiece r\u00f3\u017cnych kap\u0142an\u00f3w i w\u0142asnej pracy zdoby\u0142 potrzebne wykszta\u0142cenie w kolegium Jezuit\u00f3w w Malines. W tym czasie jego owdowia\u0142y ojciec zosta\u0142 wy\u015bwi\u0119cony na kap\u0142ana (1618).<\/p>\n<p>Jan wst\u0105pi\u0142 do nowicjatu jezuit\u00f3w, ze wzgl\u0119du na jego du\u017ce zdolno\u015bci wys\u0142ano go na studia do Rzymu. Tu jednak zapad\u0142 ci\u0119\u017cko na zdrowiu. Bardzo aktywny i poj\u0119tny ucze\u0144, b\u0119d\u0105cy przyk\u0142adem dla wsp\u00f3\u0142braci by\u0142 ma\u0142o odporny na Rzymskie upa\u0142y i wilgo\u0107 zakonnych komnat. Odznacza\u0142 si\u0119 wielk\u0105 pobo\u017cno\u015bci\u0105 i szczeg\u00f3lnym nabo\u017ce\u0144stwem do Naj\u015bwi\u0119tszego Sakramentu. By\u0142 wzorem w zachowaniu regu\u0142y zakonnej, a jego pragnieniem by\u0142o odtworzy\u0107 wz\u00f3r, jaki zastawi\u0142 \u015bw. Alojzy. Zapad\u0142szy ma gor\u0105czk\u0119 i zapalenie p\u0142uc swoj\u0105 dusz\u0119 odda\u0142 Panu 13 sierpnia 1621 roku.<\/p>\n<p>W 1867 papie\u017c Pius IX og\u0142osi\u0142 go b\u0142ogos\u0142awionym, natomiast Leon XIII w roku 1888 zaliczy\u0142 go w poczet \u015bwi\u0119tych pa\u0144skich.<\/p>\n<p>\u015awi\u0119ty bardzo ukocha\u0142 \u015bw. Alojzego i dzisiaj wraz z nim jest patronem studiuj\u0105cej m\u0142odzie\u017cy, a tak\u017ce ministrant\u00f3w.<\/p>\n<p><span style=\"color: #0000ff;\">Zasady \u015bw. Jana Berchmansa:<\/span><\/p>\n<p>1. Serce moje jedynie bezpiecznym \u017cy\u0107 mo\u017ce, gdy wytrwa w szczerej, dzieci\u0119cej mi\u0142o\u015bci ku Matce Bo\u017cej.<br \/>\n2. Ma\u0142o m\u00f3wi\u0107, du\u017co czyni\u0107.<br \/>\n3. Wielce sobie wa\u017cy\u0107 drobne sprawy.<br \/>\n4. Je\u015bli nie dojd\u0119 do \u015bwi\u0119to\u015bci za m\u0142odu, nigdy nie b\u0119d\u0119 \u015bwi\u0119tym.<br \/>\n5. My\u015bl, \u017ceby\u015b Panu Bogu si\u0119 podoba\u0142, a Pan B\u00f3g o tobie my\u015ble\u0107 b\u0119dzie.<br \/>\n6. Sumiennie dopilnuj\u0119 punktualnego rannego wstawania.<br \/>\n7. Kto nie docenia modlitwy, nie wytrwa w pobo\u017cno\u015bci.<br \/>\n8. Wszystko, co czynisz, czy\u0144 z wielk\u0105 staranno\u015bci\u0105.<br \/>\n9. Cierpliwo\u015b\u0107 koron\u0105 wszelkich cn\u00f3t.<br \/>\n10. Nie czy\u0144 nigdy tego, co Ci si\u0119 w drugich nie podoba; ale to, co si\u0119 w nich podoba.<\/p>\n<p><span style=\"color: #0000ff;\">Modlitwa do \u015bw. Jana Berchmansa<\/span><br \/>\n\u015awi\u0119ty Janie Berchmansie, racz by\u0107 moim opiekunem i przewodnikiem do nieba.<br \/>\nWypraszaj mi \u015bwiat\u0142o i dar rady w w\u0105tpliwo\u015bciach, si\u0142\u0119 i m\u0119stwo w pokusach i przeciwno\u015bciach.<br \/>\nKieruj moimi krokami, r\u0119ce moje nak\u0142aniaj ku dobrym uczynkom, a serce i wol\u0119 zapalaj do mi\u0142o\u015bci Boga i bli\u017aniego.<br \/>\nDopom\u00f3\u017c mi, abym do ko\u0144ca wiernie s\u0142u\u017cy\u0142 Bogu, jak Ty s\u0142u\u017cy\u0142e\u015b.<br \/>\nAmen.<\/p>\n","protected":false},"excerpt":{"rendered":"<p>\u015aw. Alojzy Gonzaga \u015aw. Alojzy Gonzaga urodzi\u0142 si\u0119 9 marca 1568 roku w Castiglione delle Stiviere. Jego rodzina nale\u017ca\u0142a do najznakomitszych rod\u00f3w ksi\u0105\u017c\u0119cych i najstarszego syna szykowa\u0142a do kariery rycerskiej lub dworskiej. Szczeg\u00f3lnie pragn\u0105\u0142 tego ojciec. W wieku 7 lat Alojzy, jak sam to p\u00f3\u017aniej wyzna\u0142, poczu\u0142 niech\u0119\u0107 do \u017cycia \u015bwieckiego. Zrodzi\u0142o si\u0119 w nim [&hellip;]<\/p>\n","protected":false},"author":207,"featured_media":0,"parent":0,"menu_order":2,"comment_status":"closed","ping_status":"closed","template":"","meta":{"_et_pb_use_builder":"","_et_pb_old_content":"","_et_gb_content_width":"","ngg_post_thumbnail":0,"footnotes":""},"class_list":["post-86","page","type-page","status-publish","hentry"],"_links":{"self":[{"href":"https:\/\/przegorzaly.pl\/index.php?rest_route=\/wp\/v2\/pages\/86","targetHints":{"allow":["GET"]}}],"collection":[{"href":"https:\/\/przegorzaly.pl\/index.php?rest_route=\/wp\/v2\/pages"}],"about":[{"href":"https:\/\/przegorzaly.pl\/index.php?rest_route=\/wp\/v2\/types\/page"}],"author":[{"embeddable":true,"href":"https:\/\/przegorzaly.pl\/index.php?rest_route=\/wp\/v2\/users\/207"}],"replies":[{"embeddable":true,"href":"https:\/\/przegorzaly.pl\/index.php?rest_route=%2Fwp%2Fv2%2Fcomments&post=86"}],"version-history":[{"count":5,"href":"https:\/\/przegorzaly.pl\/index.php?rest_route=\/wp\/v2\/pages\/86\/revisions"}],"predecessor-version":[{"id":250,"href":"https:\/\/przegorzaly.pl\/index.php?rest_route=\/wp\/v2\/pages\/86\/revisions\/250"}],"wp:attachment":[{"href":"https:\/\/przegorzaly.pl\/index.php?rest_route=%2Fwp%2Fv2%2Fmedia&parent=86"}],"curies":[{"name":"wp","href":"https:\/\/api.w.org\/{rel}","templated":true}]}}