{"id":818,"date":"2022-09-12T09:18:51","date_gmt":"2022-09-12T08:18:51","guid":{"rendered":"https:\/\/przegorzaly.pl\/?page_id=818"},"modified":"2022-09-12T09:18:51","modified_gmt":"2022-09-12T08:18:51","slug":"odmowa-pogrzebu","status":"publish","type":"page","link":"https:\/\/przegorzaly.pl\/?page_id=818","title":{"rendered":"Odmowa pogrzebu"},"content":{"rendered":"<p><strong>OSOBY, KT\u00d3RYM NALE\u017bY UDZIELI\u0106 LUB ODM\u00d3WI\u0106 POGRZEBU KO\u015aCIELNEGO<\/strong><\/p>\n<p>W zwi\u0105zku z nadu\u017cyciami i manipulacj\u0105 niekt\u00f3rych medi\u00f3w, kt\u00f3re wykorzystuj\u0105 ignorancj\u0119 ludzi oraz podwa\u017caj\u0105 i o\u015bmieszaj\u0105 decyzje \u2013 bardzo rzadkie i podejmowane w ostateczno\u015bci \u2013 odmawiania pogrzebu katolickiego niekt\u00f3rym wiernym, warto przyjrze\u0107 si\u0119 bli\u017cej racjom dla kt\u00f3rych odmawia si\u0119 pogrzebu.<\/p>\n<p>Przede wszystkim nale\u017cy pami\u0119ta\u0107, \u017ce pogrzeb katolicki jest PRZYWILEJEM chrze\u015bcijanina. Oznacza to, \u017ce bez WA\u017bNYCH przyczyn nie nale\u017cy go nigdy odmawia\u0107. Przys\u0142uguje on ka\u017cdemu ochrzczonemu i jest obowi\u0105zkiem ksi\u0119dza przewodniczy\u0107 obrz\u0119dom pogrzebowym.<\/p>\n<p>S\u0105 jednak okoliczno\u015bci , kiedy kap\u0142an jest zmuszony do odmowy. M\u00f3wi o tym Kodeks Prawa Kanonicznego w rozdziale II:<\/p>\n<p>Kan. 1183<\/p>\n<p>\u00a7 1. Co do pogrzebu, katechumeni* s\u0105 zr\u00f3wnani z wiernymi.<\/p>\n<p>\u00a7 2. Ordynariusz miejsca mo\u017ce zezwoli\u0107 na pogrzeb ko\u015bcielny dzieci, kt\u00f3rych rodzice mieli zamiar je ochrzci\u0107, a jednak zmar\u0142y przed chrztem.<\/p>\n<p>\u00a7 3. Ochrzczonym przynale\u017cnym do jakiego\u015b Ko\u015bcio\u0142a lub wsp\u00f3lnoty ko\u015bcielnej niekatolickiej, mo\u017cna pozwoli\u0107 na pogrzeb ko\u015bcielny wed\u0142ug roztropnego uznania ordynariusza miejsca, je\u015bli nie ma ich w\u0142asnego szafarza; chyba \u017ce si\u0119 ustali, i\u017c mieli przeciwn\u0105 wol\u0119.<\/p>\n<p>Kan. 1184<\/p>\n<p>\u00a7 1. Je\u015bli przed \u015bmierci\u0105 nie dali \u017cadnych oznak pokuty, pogrzebu ko\u015bcielnego powinni by\u0107 pozbawieni:<\/p>\n<p>1\u00b0 notoryczni apostaci, heretycy i schizmatycy;<\/p>\n<p>2\u00b0 osoby, kt\u00f3re wybra\u0142y spalenie swojego cia\u0142a z motyw\u00f3w przeciwnych wierze chrze\u015bcija\u0144skiej;<\/p>\n<p>3\u00b0 inni jawni grzesznicy, kt\u00f3rym nie mo\u017cna przyzna\u0107 pogrzebu bez publicznego zgorszenia wiernych.<\/p>\n<p>\u00a7 2. Gdy powstaje jaka\u015b w\u0105tpliwo\u015b\u0107, nale\u017cy si\u0119 zwr\u00f3ci\u0107 do miejscowego ordynariusza, do kt\u00f3rego decyzji nale\u017cy si\u0119 dostosowa\u0107.<\/p>\n<p>Kan. 1185<\/p>\n<p>Pozbawienie pogrzebu zawiera w sobie tak\u017ce odmow\u0119 odprawienia jakiejkolwiek Mszy \u015bwi\u0119tej pogrzebowej.<\/p>\n<p><strong>Warto zwr\u00f3ci\u0107 uwag\u0119 na Kan. 1184 \u00a7 2. M\u00f3wi on, \u017ce kiedy powstaje w\u0105tpliwo\u015b\u0107 czy kto\u015b powinien by\u0107 pozbawiony pogrzebu, to decyzj\u0119 podejmuje nie proboszcz ale ordynariusz miejsca, tzn. biskup.<\/strong><\/p>\n<pre>--------------------------------\r\n* - (gr katechoumenos pouczany) kandydat do chrztu pobieraj\u0105cy nauki z przygotowawcze z katechizmu. Od IV wieku, gdy w wyniku masowych akcji misyjnych przyby\u0142o wielu ch\u0119tnych do chrztu, utworzono instytucj\u0119 katechumenatu. Katechumen m\u00f3g\u0142 uczestniczy\u0107 jedynie we wst\u0119pnej cz\u0119\u015bci mszy \u015bw. (do Ofiarowania w\u0142\u0105cznie), kt\u00f3ra otrzyma\u0142a nazw\u0119 mszy katechumen\u00f3w - w odr\u00f3\u017cnieniu od mszy wiernych.\r\n(\u017ar\u00f3d\u0142o: dziedzictwo.ekai.pl)<\/pre>\n","protected":false},"excerpt":{"rendered":"<p>OSOBY, KT\u00d3RYM NALE\u017bY UDZIELI\u0106 LUB ODM\u00d3WI\u0106 POGRZEBU KO\u015aCIELNEGO W zwi\u0105zku z nadu\u017cyciami i manipulacj\u0105 niekt\u00f3rych medi\u00f3w, kt\u00f3re wykorzystuj\u0105 ignorancj\u0119 ludzi oraz podwa\u017caj\u0105 i o\u015bmieszaj\u0105 decyzje \u2013 bardzo rzadkie i podejmowane w ostateczno\u015bci \u2013 odmawiania pogrzebu katolickiego niekt\u00f3rym wiernym, warto przyjrze\u0107 si\u0119 bli\u017cej racjom dla kt\u00f3rych odmawia si\u0119 pogrzebu. Przede wszystkim nale\u017cy pami\u0119ta\u0107, \u017ce pogrzeb katolicki [&hellip;]<\/p>\n","protected":false},"author":207,"featured_media":0,"parent":0,"menu_order":0,"comment_status":"closed","ping_status":"closed","template":"","meta":{"_et_pb_use_builder":"","_et_pb_old_content":"","_et_gb_content_width":"","ngg_post_thumbnail":0,"footnotes":""},"class_list":["post-818","page","type-page","status-publish","hentry"],"_links":{"self":[{"href":"https:\/\/przegorzaly.pl\/index.php?rest_route=\/wp\/v2\/pages\/818","targetHints":{"allow":["GET"]}}],"collection":[{"href":"https:\/\/przegorzaly.pl\/index.php?rest_route=\/wp\/v2\/pages"}],"about":[{"href":"https:\/\/przegorzaly.pl\/index.php?rest_route=\/wp\/v2\/types\/page"}],"author":[{"embeddable":true,"href":"https:\/\/przegorzaly.pl\/index.php?rest_route=\/wp\/v2\/users\/207"}],"replies":[{"embeddable":true,"href":"https:\/\/przegorzaly.pl\/index.php?rest_route=%2Fwp%2Fv2%2Fcomments&post=818"}],"version-history":[{"count":1,"href":"https:\/\/przegorzaly.pl\/index.php?rest_route=\/wp\/v2\/pages\/818\/revisions"}],"predecessor-version":[{"id":819,"href":"https:\/\/przegorzaly.pl\/index.php?rest_route=\/wp\/v2\/pages\/818\/revisions\/819"}],"wp:attachment":[{"href":"https:\/\/przegorzaly.pl\/index.php?rest_route=%2Fwp%2Fv2%2Fmedia&parent=818"}],"curies":[{"name":"wp","href":"https:\/\/api.w.org\/{rel}","templated":true}]}}