{"id":77,"date":"2022-02-14T11:21:03","date_gmt":"2022-02-14T10:21:03","guid":{"rendered":"https:\/\/przegorzaly.ccmiatfdtj.cfolks.pl\/?page_id=77"},"modified":"2025-09-09T13:59:42","modified_gmt":"2025-09-09T11:59:42","slug":"wspolnota","status":"publish","type":"page","link":"https:\/\/przegorzaly.pl\/?page_id=77","title":{"rendered":"Wsp\u00f3lnota"},"content":{"rendered":"<p><strong><span style=\"color: #ff0000\">Wsp\u00f3lnota Jezuit\u00f3w domu zakonnego p\/w Chrystusa Kr\u00f3la:<\/span><\/strong><\/p>\n<p>O. Dariusz Da\u0144kowski, proboszcz i superior &#8211; tel. 12 428 78 97 lub kom. 573 259 245<\/p>\n<p>O. Stanis\u0142aw G\u0142az &#8211; tel. 12 428 78 95<\/p>\n<p>O. Jakub Ko\u0142acz &#8211; tel. 12 428 78 89<\/p>\n<p>O. Lech Kontkowski &#8211; tel. 12 428 78 82<\/p>\n<p>O. Wit Pasierbek &#8211; tel. 12 428 78 92<\/p>\n<p>Br. Jan Burkat &#8211; tel. 12 428 78 84<\/p>\n<p>&nbsp;<\/p>\n<p>&nbsp;<\/p>\n","protected":false},"excerpt":{"rendered":"<p>Wsp\u00f3lnota Jezuit\u00f3w domu zakonnego p\/w Chrystusa Kr\u00f3la: O. Dariusz Da\u0144kowski, proboszcz i superior &#8211; tel. 12 428 78 97 lub kom. 573 259 245 O. Stanis\u0142aw G\u0142az &#8211; tel. 12 428 78 95 O. Jakub Ko\u0142acz &#8211; tel. 12 428 78 89 O. Lech Kontkowski &#8211; tel. 12 428 78 82 O. Wit Pasierbek &#8211; [&hellip;]<\/p>\n","protected":false},"author":207,"featured_media":0,"parent":0,"menu_order":2,"comment_status":"closed","ping_status":"closed","template":"","meta":{"_et_pb_use_builder":"off","_et_pb_old_content":"","_et_gb_content_width":"","ngg_post_thumbnail":0,"footnotes":""},"class_list":["post-77","page","type-page","status-publish","hentry"],"_links":{"self":[{"href":"https:\/\/przegorzaly.pl\/index.php?rest_route=\/wp\/v2\/pages\/77","targetHints":{"allow":["GET"]}}],"collection":[{"href":"https:\/\/przegorzaly.pl\/index.php?rest_route=\/wp\/v2\/pages"}],"about":[{"href":"https:\/\/przegorzaly.pl\/index.php?rest_route=\/wp\/v2\/types\/page"}],"author":[{"embeddable":true,"href":"https:\/\/przegorzaly.pl\/index.php?rest_route=\/wp\/v2\/users\/207"}],"replies":[{"embeddable":true,"href":"https:\/\/przegorzaly.pl\/index.php?rest_route=%2Fwp%2Fv2%2Fcomments&post=77"}],"version-history":[{"count":31,"href":"https:\/\/przegorzaly.pl\/index.php?rest_route=\/wp\/v2\/pages\/77\/revisions"}],"predecessor-version":[{"id":2107,"href":"https:\/\/przegorzaly.pl\/index.php?rest_route=\/wp\/v2\/pages\/77\/revisions\/2107"}],"wp:attachment":[{"href":"https:\/\/przegorzaly.pl\/index.php?rest_route=%2Fwp%2Fv2%2Fmedia&parent=77"}],"curies":[{"name":"wp","href":"https:\/\/api.w.org\/{rel}","templated":true}]}}