{"id":63,"date":"2022-02-14T11:14:23","date_gmt":"2022-02-14T10:14:23","guid":{"rendered":"https:\/\/przegorzaly.ccmiatfdtj.cfolks.pl\/?page_id=63"},"modified":"2025-06-18T09:13:57","modified_gmt":"2025-06-18T07:13:57","slug":"kontakt-2","status":"publish","type":"page","link":"https:\/\/przegorzaly.pl\/?page_id=63","title":{"rendered":"Kontakt"},"content":{"rendered":"<p style=\"text-align: center\"><strong>Parafia Rzymskokatolicka pw. Chrystusa Kr\u00f3la<\/strong><\/p>\n<p style=\"text-align: center\"><strong>ul. Zaskale 1<\/strong><br \/>\n<strong>30-250 KRAK\u00d3W<\/strong><\/p>\n<p style=\"text-align: center\">tel.<strong> 12 428 78 97 <\/strong>lub kom.<strong> 573 259 245<br \/>\n<\/strong><\/p>\n<p style=\"text-align: center\"><strong><span style=\"color: #0064de\">przegorzaly@jezuici.pl<\/span><\/strong><\/p>\n<hr>\n<h3 style=\"text-align: center\"><strong>Konta:<\/strong><\/h3>\n<p style=\"text-align: center\"><strong>Parafia Chrystusa Kr\u00f3la<\/strong><br \/>\nul. Zaskale 1, 30-250 Krak\u00f3w<br \/>\n<strong>48 1240 2294 1111 0000 3723 9046<\/strong><br \/>\n(PEKAO III O. w Krakowie)<\/p>\n<p style=\"text-align: center\"><strong>Towarzystwo Jezusowe Dom Zakonny<\/strong><br \/>\nul. Zaskale 1, 30-250 Krak\u00f3w<br \/>\n<strong>96 1050 1445 1000 0023 0269 2278<\/strong><br \/>\n(ING Bank \u015al\u0105ski S.A.)<\/p>\n<p style=\"text-align: center\">&nbsp;<\/p>\n<p>&nbsp;<\/p>\n","protected":false},"excerpt":{"rendered":"<p>Parafia Rzymskokatolicka pw. Chrystusa Kr\u00f3la ul. Zaskale 1 30-250 KRAK\u00d3W tel. 12 428 78 97 lub kom. 573 259 245 przegorzaly@jezuici.pl Konta: Parafia Chrystusa Kr\u00f3la ul. Zaskale 1, 30-250 Krak\u00f3w 48 1240 2294 1111 0000 3723 9046 (PEKAO III O. w Krakowie) Towarzystwo Jezusowe Dom Zakonny ul. Zaskale 1, 30-250 Krak\u00f3w 96 1050 1445 1000 [&hellip;]<\/p>\n","protected":false},"author":207,"featured_media":0,"parent":0,"menu_order":6,"comment_status":"closed","ping_status":"closed","template":"","meta":{"_et_pb_use_builder":"","_et_pb_old_content":"","_et_gb_content_width":"","ngg_post_thumbnail":0,"footnotes":""},"class_list":["post-63","page","type-page","status-publish","hentry"],"_links":{"self":[{"href":"https:\/\/przegorzaly.pl\/index.php?rest_route=\/wp\/v2\/pages\/63","targetHints":{"allow":["GET"]}}],"collection":[{"href":"https:\/\/przegorzaly.pl\/index.php?rest_route=\/wp\/v2\/pages"}],"about":[{"href":"https:\/\/przegorzaly.pl\/index.php?rest_route=\/wp\/v2\/types\/page"}],"author":[{"embeddable":true,"href":"https:\/\/przegorzaly.pl\/index.php?rest_route=\/wp\/v2\/users\/207"}],"replies":[{"embeddable":true,"href":"https:\/\/przegorzaly.pl\/index.php?rest_route=%2Fwp%2Fv2%2Fcomments&post=63"}],"version-history":[{"count":24,"href":"https:\/\/przegorzaly.pl\/index.php?rest_route=\/wp\/v2\/pages\/63\/revisions"}],"predecessor-version":[{"id":2027,"href":"https:\/\/przegorzaly.pl\/index.php?rest_route=\/wp\/v2\/pages\/63\/revisions\/2027"}],"wp:attachment":[{"href":"https:\/\/przegorzaly.pl\/index.php?rest_route=%2Fwp%2Fv2%2Fmedia&parent=63"}],"curies":[{"name":"wp","href":"https:\/\/api.w.org\/{rel}","templated":true}]}}