{"id":57,"date":"2022-02-14T11:10:16","date_gmt":"2022-02-14T10:10:16","guid":{"rendered":"https:\/\/przegorzaly.ccmiatfdtj.cfolks.pl\/?page_id=57"},"modified":"2022-09-30T15:19:29","modified_gmt":"2022-09-30T14:19:29","slug":"msze-sw-i-nabozenstwa","status":"publish","type":"page","link":"https:\/\/przegorzaly.pl\/?page_id=57","title":{"rendered":"Msze \u015bw. i nabo\u017ce\u0144stwa"},"content":{"rendered":"<p><span style=\"color: #ff0000\"><strong>MSZE \u015aWI\u0118TE:<\/strong><\/span><\/p>\n<p><span style=\"color: #000000\">NIEDZIELE I \u015aWI\u0118TA: <strong>7.30, 9.00, 11.00<\/strong> (dla dzieci), <strong>18.00<\/strong><\/span><\/p>\n<p><span style=\"color: #000000\">DNI POWSZEDNIE: <strong>7.30, 18.00<\/strong><\/span><\/p>\n<p><span style=\"color: #800080\"><strong>SPOWIED\u0179<\/strong><\/span><\/p>\n<p><span style=\"color: #000000\">Podczas ka\u017cdej Mszy w soboty, niedziele i pierwsze pi\u0105tki miesi\u0105ca, w tygodniu &#8211; po zg\u0142oszeniu tego w zakrystii<\/span><\/p>\n<p><span style=\"color: #ff0000\"><strong>NABO\u017bE\u0143STWA:<\/strong><\/span><\/p>\n<p><span style=\"color: #0000ff\">Ka\u017cdy wtorek:<\/span><br \/>\n<span style=\"color: #000000\">&#8211; godz. 18.00. nabo\u017ce\u0144stwo do M.B. Nieustaj\u0105cej Pomocy<\/span><\/p>\n<p><span style=\"color: #0000ff\">Ka\u017cda sobota<\/span><br \/>\n<span style=\"color: #000000\">&#8211; podczas Mszy \u015bw. o godz. 7.30 modlimy za rodziny naszej parafii oraz matki oczekuj\u0105ce potomstwa.<\/span><\/p>\n<p><span style=\"color: #0000ff\">Pierwsza niedziela miesi\u0105ca:<\/span><br \/>\n<span style=\"color: #000000\">&#8211; godz. 8.45. Koronka do Mi\u0142osierdzia Bo\u017cego<\/span><br \/>\n<span style=\"color: #000000\">&#8211; godz. 9.45. Zmiana Tajemnic r\u00f3\u017ca\u0144cowych oraz wyja\u015bnienie intencji Apostolstwa Modlitwy<\/span><\/p>\n<p><span style=\"color: #0000ff\">Pierwszy czwartek miesi\u0105ca:<\/span><br \/>\n<span style=\"color: #000000\">&#8211; godz. 17.30. Godzina \u015awi\u0119ta<\/span><\/p>\n<p><span style=\"color: #0000ff\">Pierwszy pi\u0105tek miesi\u0105ca:<\/span><br \/>\n<span style=\"color: #000000\">Nabo\u017ce\u0144stwo do Naj\u015bw. Serca Pana Jezusa &#8211; po Mszy \u015bw. wieczornej<\/span><\/p>\n<p><span style=\"color: #0000ff\">Trzeci pi\u0105tek miesi\u0105ca:<\/span><br \/>\n<span style=\"color: #000000\">Nabo\u017ce\u0144stwo do Mi\u0142osierdzia Bo\u017cego &#8211; po Mszy \u015bw. wieczornej<\/span><\/p>\n<p><span style=\"color: #0000ff\">W niedziele Wielkiego Postu:<\/span><br \/>\n<span style=\"color: #000000\">&#8211; godz. 17.15. Gorzkie \u017bale<\/span><\/p>\n<p><span style=\"color: #0000ff\">W pi\u0105tki Wielkiego Postu:<\/span><br \/>\n<span style=\"color: #000000\">&#8211; godz. 17.30. Droga krzy\u017cowa<\/span><\/p>\n<p><span style=\"color: #0000ff\">Nabo\u017ce\u0144stwo majowe <span style=\"color: #000000\">&#8211; godz.<\/span> <span style=\"color: #000000\">18.30<\/span><\/span><br \/>\n<span style=\"color: #0000ff\">Nabo\u017ce\u0144stwo czerwcowe &#8211; <span style=\"color: #000000\">po Mszy \u015bw. wieczornej<\/span>&nbsp;<\/span><br \/>\n<span style=\"color: #0000ff\">R\u00f3\u017caniec w pa\u017adzierniku <span style=\"color: #000000\">&#8211; godz.<\/span> <span style=\"color: #000000\">17.30<\/span><\/span><br \/>\n<span style=\"color: #0000ff\">Wypominki w listopadzie<\/span> <span style=\"color: #000000\">&#8211; godz. 17.30<\/span><\/p>\n<p>&nbsp;<\/p>\n<p>&nbsp;<\/p>\n","protected":false},"excerpt":{"rendered":"<p>MSZE \u015aWI\u0118TE: NIEDZIELE I \u015aWI\u0118TA: 7.30, 9.00, 11.00 (dla dzieci), 18.00 DNI POWSZEDNIE: 7.30, 18.00 SPOWIED\u0179 Podczas ka\u017cdej Mszy w soboty, niedziele i pierwsze pi\u0105tki miesi\u0105ca, w tygodniu &#8211; po zg\u0142oszeniu tego w zakrystii NABO\u017bE\u0143STWA: Ka\u017cdy wtorek: &#8211; godz. 18.00. nabo\u017ce\u0144stwo do M.B. Nieustaj\u0105cej Pomocy Ka\u017cda sobota &#8211; podczas Mszy \u015bw. o godz. 7.30 modlimy [&hellip;]<\/p>\n","protected":false},"author":207,"featured_media":0,"parent":0,"menu_order":4,"comment_status":"closed","ping_status":"closed","template":"","meta":{"_et_pb_use_builder":"","_et_pb_old_content":"","_et_gb_content_width":"","ngg_post_thumbnail":0,"footnotes":""},"class_list":["post-57","page","type-page","status-publish","hentry"],"_links":{"self":[{"href":"https:\/\/przegorzaly.pl\/index.php?rest_route=\/wp\/v2\/pages\/57","targetHints":{"allow":["GET"]}}],"collection":[{"href":"https:\/\/przegorzaly.pl\/index.php?rest_route=\/wp\/v2\/pages"}],"about":[{"href":"https:\/\/przegorzaly.pl\/index.php?rest_route=\/wp\/v2\/types\/page"}],"author":[{"embeddable":true,"href":"https:\/\/przegorzaly.pl\/index.php?rest_route=\/wp\/v2\/users\/207"}],"replies":[{"embeddable":true,"href":"https:\/\/przegorzaly.pl\/index.php?rest_route=%2Fwp%2Fv2%2Fcomments&post=57"}],"version-history":[{"count":7,"href":"https:\/\/przegorzaly.pl\/index.php?rest_route=\/wp\/v2\/pages\/57\/revisions"}],"predecessor-version":[{"id":885,"href":"https:\/\/przegorzaly.pl\/index.php?rest_route=\/wp\/v2\/pages\/57\/revisions\/885"}],"wp:attachment":[{"href":"https:\/\/przegorzaly.pl\/index.php?rest_route=%2Fwp%2Fv2%2Fmedia&parent=57"}],"curies":[{"name":"wp","href":"https:\/\/api.w.org\/{rel}","templated":true}]}}