{"id":55,"date":"2022-02-14T11:09:41","date_gmt":"2022-02-14T10:09:41","guid":{"rendered":"https:\/\/przegorzaly.ccmiatfdtj.cfolks.pl\/?page_id=55"},"modified":"2025-02-14T13:42:29","modified_gmt":"2025-02-14T12:42:29","slug":"kancelaria","status":"publish","type":"page","link":"https:\/\/przegorzaly.pl\/?page_id=55","title":{"rendered":"Kancelaria"},"content":{"rendered":"<p><span style=\"color: #333333\"><strong>Kancelaria czynna jest:<\/strong><\/span><br \/>\nw DNI POWSZEDNIE po Mszy \u015bw. WIECZORNEJ<br \/>\nlub w terminie ustalonym telefonicznie.<br \/>\n<span style=\"color: #333333\">tel. <strong>573 259 245<br \/>\n<\/strong><\/span><\/p>\n<p style=\"text-align: left\"><span style=\"color: #333333\"><strong>W kancelarii parafialnej m.in.:<\/strong><\/span><br \/>\n&#8211; zapisuje si\u0119 dziecko do Chrztu \u015bw.<br \/>\n&#8211; za\u0142atwia si\u0119 formalno\u015bci zwi\u0105zane z Sakramentem Ma\u0142\u017ce\u0144stwa<br \/>\n&#8211; zg\u0142asza pogrzeb<br \/>\n&#8211; zamawia si\u0119 intencje mszalne<br \/>\n&#8211; wybiera si\u0119 odpisy \u015bwiadectw chrztu \u015bw., \u015blubu i pogrzebu<br \/>\n&#8211; otrzymuje si\u0119 za\u015bwiadczenia dla chrzestnych i \u015bwiadk\u00f3w do Sakramentu Bierzmowania<br \/>\n&#8211; wzywa kap\u0142ana z Sakramentem Chorych gdy zachodzi powa\u017cna choroba, staro\u015b\u0107 (w nag\u0142ych przypadkach z wezwaniem do chorego mo\u017cna zwr\u00f3ci\u0107 si\u0119 do nas o ka\u017cdej porze pod numerem telefonu 12 428 78 85 LUB 12 429 73 77<br \/>\n&#8211; zg\u0142asza adres chorego do nawiedzenia w I sobot\u0119 miesi\u0105ca z Komuni\u0105 \u015bw., (Regularne odwiedziny kap\u0142ana u chorych s\u0105 w pierwsz\u0105 sobot\u0119 miesi\u0105ca)<\/p>\n<p><span style=\"color: #333300\">Zmar\u0142ym nie udziela si\u0119 sakramentu chorych.<\/span><\/p>\n<p><span style=\"color: #333333\"><strong>Sakramentu Chrztu \u015awi\u0119tego<\/strong><\/span><\/p>\n<p>Sakramentu Chrztu \u015awi\u0119tego udzielamy w niedziel\u0119 w czasie lub po Mszy \u015bwi\u0119tej o godz. 11,30.<br \/>\nW niebezpiecze\u0144stwie choroby dziecka w innym czasie po wcze\u015bniejszym uzgodnieniu z ks. Proboszczem.<\/p>\n<p>Przy zg\u0142oszeniu nale\u017cy przedstawi\u0107 w Kancelarii Parafialnej:<br \/>\n1. Akt urodzenia dziecka z USC<br \/>\n2. Akt \u015blubu ko\u015bcielnego rodzic\u00f3w &#8211; je\u017celi \u015blub zawierali w innej Parafii<\/p>\n<p>Rodzicami chrzestnymi mog\u0105 by\u0107:<br \/>\n&#8211; wierz\u0105cy i praktykuj\u0105cy katolicy po uko\u0144czeniu 16 roku \u017cycia<br \/>\n&#8211; bierzmowani<br \/>\n&#8211; ma\u0142\u017conkowie po zawarciu \u015blubu ko\u015bcielnego<br \/>\n&#8211; uczniowie szk\u00f3\u0142 \u015brednich &#8211; ucz\u0119szczaj\u0105cy na religi\u0119<\/p>\n<p>Rodzice Chrzestni, kt\u00f3rzy mieszkaj\u0105 w innej Parafii winni dostarczy\u0107 przed chrztem dziecka za\u015bwiadczenie ze swojej Parafii, \u017ce mog\u0105 nimi by\u0107.<\/p>\n<p><span style=\"color: #333333\"><strong>Sakrament Ma\u0142\u017ce\u0144stwa<\/strong><\/span><\/p>\n<p>1. Narzeczeni winni zg\u0142osi\u0107 si\u0119 osobi\u015bcie w Kancelarii Parafii narzeczonej lub narzeczonego na 3 miesi\u0105ce przed \u015blubem.<br \/>\n2. Nale\u017cy przedstawi\u0107:<br \/>\n&#8211; metryki chrztu \u015bw. wa\u017cne do 6 miesi\u0119cy<br \/>\n&#8211; za\u015bwiadczenie z USC o braku przeszk\u00f3d w prawie cywilnym wa\u017cne do 3 miesi\u0119cy (\u015blub konkordatowy) lub dokument z USC o zawarciu \u015blubu cywilnego (\u015blub niekonkordatowy)<br \/>\n&#8211; dowody osobiste<br \/>\n&#8211; ostatnie \u015bwiadectwo z religii (szko\u0142a \u015brednia lub zawodowa)<br \/>\n&#8211; za\u015bwiadczenie o bierzmowaniu<br \/>\n&#8211; wdowcy: &#8211; metryk\u0119 zgonu wsp\u00f3\u0142ma\u0142\u017conka<\/p>\n<p><span style=\"color: #333333\"><strong>Pogrzeb chrze\u015bcija\u0144ski<\/strong><\/span><\/p>\n<p>Nale\u017cy zg\u0142osi\u0107 si\u0119 w Kancelarii Parafialnej po za\u0142atwieniu formalno\u015bci w zak\u0142adzie pogrzebowym i przedstawi\u0107:<br \/>\n&#8211; odpis aktu zgonu z USC<br \/>\n&#8211; dane personalne zmar\u0142ego<br \/>\n&#8211; za\u015bwiadczenie o zaopatrzeniu Sakramentami \u015awi\u0119tymi<br \/>\nParafia korzysta z wszystkich Cmentarzy Krakowskich.<\/p>\n<p><a href=\"https:\/\/przegorzaly.pl\/?page_id=818\">Odmowa pogrzebu ko\u015bcielnego<\/a><\/p>\n<pre>&nbsp;<\/pre>\n","protected":false},"excerpt":{"rendered":"<p>Kancelaria czynna jest: w DNI POWSZEDNIE po Mszy \u015bw. WIECZORNEJ lub w terminie ustalonym telefonicznie. tel. 573 259 245 W kancelarii parafialnej m.in.: &#8211; zapisuje si\u0119 dziecko do Chrztu \u015bw. &#8211; za\u0142atwia si\u0119 formalno\u015bci zwi\u0105zane z Sakramentem Ma\u0142\u017ce\u0144stwa &#8211; zg\u0142asza pogrzeb &#8211; zamawia si\u0119 intencje mszalne &#8211; wybiera si\u0119 odpisy \u015bwiadectw chrztu \u015bw., \u015blubu i [&hellip;]<\/p>\n","protected":false},"author":207,"featured_media":0,"parent":0,"menu_order":3,"comment_status":"closed","ping_status":"closed","template":"","meta":{"_et_pb_use_builder":"","_et_pb_old_content":"","_et_gb_content_width":"","ngg_post_thumbnail":0,"footnotes":""},"class_list":["post-55","page","type-page","status-publish","hentry"],"_links":{"self":[{"href":"https:\/\/przegorzaly.pl\/index.php?rest_route=\/wp\/v2\/pages\/55","targetHints":{"allow":["GET"]}}],"collection":[{"href":"https:\/\/przegorzaly.pl\/index.php?rest_route=\/wp\/v2\/pages"}],"about":[{"href":"https:\/\/przegorzaly.pl\/index.php?rest_route=\/wp\/v2\/types\/page"}],"author":[{"embeddable":true,"href":"https:\/\/przegorzaly.pl\/index.php?rest_route=\/wp\/v2\/users\/207"}],"replies":[{"embeddable":true,"href":"https:\/\/przegorzaly.pl\/index.php?rest_route=%2Fwp%2Fv2%2Fcomments&post=55"}],"version-history":[{"count":14,"href":"https:\/\/przegorzaly.pl\/index.php?rest_route=\/wp\/v2\/pages\/55\/revisions"}],"predecessor-version":[{"id":1878,"href":"https:\/\/przegorzaly.pl\/index.php?rest_route=\/wp\/v2\/pages\/55\/revisions\/1878"}],"wp:attachment":[{"href":"https:\/\/przegorzaly.pl\/index.php?rest_route=%2Fwp%2Fv2%2Fmedia&parent=55"}],"curies":[{"name":"wp","href":"https:\/\/api.w.org\/{rel}","templated":true}]}}