{"id":301,"date":"2022-02-21T16:47:06","date_gmt":"2022-02-21T15:47:06","guid":{"rendered":"https:\/\/przegorzaly.ccmiatfdtj.cfolks.pl\/?page_id=301"},"modified":"2022-09-11T17:11:16","modified_gmt":"2022-09-11T16:11:16","slug":"z-zycia-parafii","status":"publish","type":"page","link":"https:\/\/przegorzaly.pl\/?page_id=301","title":{"rendered":"Z \u017cycia Parafii"},"content":{"rendered":"<p style=\"text-align: center\"><span style=\"color: #ff0000\">W niedziel\u0119 28 sierpnia na Mszy \u015bwi\u0119tej o godzinie 11.00<br \/>\n<\/span><span style=\"color: #ff0000\">dokona si\u0119 zmiana proboszcza<\/span> w naszej parafii.<\/p>\n<p style=\"text-align: center\">Dotychczasowy proboszcz O. Stanis\u0142aw Data, po zako\u0144czeniu sze\u015bcioletniej kadencji, powr\u00f3ci do Wroc\u0142awia.<\/p>\n<p style=\"text-align: center\"><img loading=\"lazy\" decoding=\"async\" class=\"size-full wp-image-581 aligncenter\" src=\"https:\/\/przegorzaly.pl\/files\/2022\/08\/st-d.png\" alt=\"\" width=\"202\" height=\"267\"><\/p>\n<p style=\"text-align: center\">Nowym proboszczem b\u0119dzie O. Dariusz Da\u0144kowski.<\/p>\n<p style=\"text-align: center\"><img loading=\"lazy\" decoding=\"async\" class=\"alignnone size-medium wp-image-751\" src=\"https:\/\/przegorzaly.pl\/files\/2022\/09\/P1020803-202x300.jpg\" alt=\"\" width=\"202\" height=\"300\"><\/p>\n<hr>\n<p style=\"text-align: center\">W czwartek <span style=\"color: #ff0000\"><u>UROCZ<\/u><\/span><span style=\"color: #ff0000\"><u>YSTO<\/u><\/span><span style=\"color: #ff0000\"><u>\u015a<\/u><u>\u0106<\/u><u>&nbsp;CIA<\/u><u>\u0141<\/u><u>A I KRWI PA<\/u><u>\u0143<\/u><u>SKIEJ<\/u><\/span>.<br \/>\nW tym dniu mo\u017cna zyska\u0107 odpust zupe\u0142ny za pobo\u017cne uczestniczenie w procesji eucharystycznej.<\/p>\n<p style=\"text-align: center\">Msze \u015bwi\u0119te b\u0119d\u0105 sprawowane tak jak w ka\u017cd\u0105 niedziel\u0119.<\/p>\n<p style=\"text-align: center\">&nbsp;<strong>Po Mszy \u015bwi\u0119tej<\/strong> o godzinie <strong>11.00 rozpocznie si\u0119 procesja&nbsp;<\/strong><br \/>\nprzed ko\u015bcio\u0142em przy ul. Zaskale 1,<br \/>\nnast\u0119pnie skieruje si\u0119 na ul. Ksi\u0119cia J\u00f3zefa<br \/>\ni zatrzyma si\u0119 przed numerem 98, gdzie b\u0119dzie drugi o\u0142tarz. Przejdzie do ul. \u017bemajtisa pod numer 6,<br \/>\ngdzie usytuowany b\u0119dzie trzeci o\u0142tarz<br \/>\ni pod\u0105\u017cy ul Przegorzalsk\u0105 do nr 16<br \/>\ndo czwartego o\u0142tarza ko\u0144cz\u0105cego procesj\u0119.&nbsp;<\/p>\n<p style=\"text-align: center\"><strong><span style=\"color: #0000ff\">Bardzo prosimy o zaanga\u017cowanie si\u0119 przy budowaniu o\u0142tarzy.<\/span><\/strong><br \/>\nSerdecznie zapraszamy do wzi\u0119cia udzia\u0142u w tej uroczysto\u015bci.<br \/>\nW spos\u00f3b szczeg\u00f3lny prosimy o udzia\u0142 dzieci pierwszokomunijne<br \/>\ni rocznicowe w strojach komunijnych, dzieci do sypania kwiatk\u00f3w wraz z Rodzicami oraz ministrant\u00f3w i lektor\u00f3w.<br \/>\nW procesji Bo\u017cego Cia\u0142a wezm\u0105 udzia\u0142 cz\u0142onkowie dzia\u0142aj\u0105cego przy naszej parafii Bractwa Fraternitas Jesu w od\u015bwi\u0119tnych togach.<\/p>\n<hr>\n<p style=\"text-align: center\">W <strong><span style=\"color: #ff0000\">niedziel\u0119<\/span> \u2013 <span style=\"color: #ff0000\">29 maja<\/span><\/strong> \u2013<br \/>\nw <span style=\"color: #ff0000\"><strong>Uroczysto\u015b\u0107 Wniebowst\u0105pienia Pa\u0144skiego<\/strong><\/span>,<br \/>\n<strong><span style=\"color: #ff0000\">rocznica dzieci<\/span><\/strong>, kt\u00f3re rok temu przyst\u0105pi\u0142y<br \/>\n<span style=\"color: #ff0000\">do <strong>I Komunii \u015bwi\u0119tej<\/strong>.<\/span><\/p>\n<p><img loading=\"lazy\" decoding=\"async\" class=\"size-medium wp-image-503 aligncenter\" src=\"https:\/\/przegorzaly.pl\/files\/2022\/05\/21-GRUPOWE-1582941-300x225.jpg\" alt=\"\" width=\"300\" height=\"225\" srcset=\"https:\/\/przegorzaly.pl\/files\/2022\/05\/21-GRUPOWE-1582941-300x225.jpg 300w, https:\/\/przegorzaly.pl\/files\/2022\/05\/21-GRUPOWE-1582941-1024x768.jpg 1024w, https:\/\/przegorzaly.pl\/files\/2022\/05\/21-GRUPOWE-1582941-768x576.jpg 768w, https:\/\/przegorzaly.pl\/files\/2022\/05\/21-GRUPOWE-1582941-1536x1152.jpg 1536w, https:\/\/przegorzaly.pl\/files\/2022\/05\/21-GRUPOWE-1582941.jpg 2048w\" sizes=\"(max-width: 300px) 100vw, 300px\" \/><\/p>\n<hr>\n<p style=\"text-align: center\"><span style=\"color: #ff0000\">W <strong>niedziel\u0119<\/strong><\/span><strong> \u2013 <span style=\"color: #ff0000\">22 maja<\/span> <\/strong>\u2013&nbsp;o godzinie <strong><span style=\"color: #ff0000\">11.00<\/span><\/strong><br \/>\n<strong><span style=\"color: #ff0000\">I KOMUNIA \u015aWI\u0118TA<\/span><\/strong>&nbsp;w naszej parafii.<strong><br \/>\n<\/strong><\/p>\n<p><img loading=\"lazy\" decoding=\"async\" class=\"size-medium wp-image-531 alignleft\" src=\"https:\/\/przegorzaly.pl\/files\/2022\/06\/20220522_113723-300x201.jpg\" alt=\"\" width=\"300\" height=\"201\" srcset=\"https:\/\/przegorzaly.pl\/files\/2022\/06\/20220522_113723-300x201.jpg 300w, https:\/\/przegorzaly.pl\/files\/2022\/06\/20220522_113723-1024x685.jpg 1024w, https:\/\/przegorzaly.pl\/files\/2022\/06\/20220522_113723-768x514.jpg 768w, https:\/\/przegorzaly.pl\/files\/2022\/06\/20220522_113723-1536x1028.jpg 1536w, https:\/\/przegorzaly.pl\/files\/2022\/06\/20220522_113723-2048x1370.jpg 2048w\" sizes=\"(max-width: 300px) 100vw, 300px\" \/><\/p>\n<p><img loading=\"lazy\" decoding=\"async\" class=\"size-medium wp-image-533 alignleft\" src=\"https:\/\/przegorzaly.pl\/files\/2022\/06\/IMG-20220522-WA0031-300x218.jpg\" alt=\"\" width=\"300\" height=\"218\" srcset=\"https:\/\/przegorzaly.pl\/files\/2022\/06\/IMG-20220522-WA0031-300x218.jpg 300w, https:\/\/przegorzaly.pl\/files\/2022\/06\/IMG-20220522-WA0031-1024x745.jpg 1024w, https:\/\/przegorzaly.pl\/files\/2022\/06\/IMG-20220522-WA0031-768x559.jpg 768w, https:\/\/przegorzaly.pl\/files\/2022\/06\/IMG-20220522-WA0031.jpg 1484w\" sizes=\"(max-width: 300px) 100vw, 300px\" \/><img loading=\"lazy\" decoding=\"async\" class=\"size-medium wp-image-534 alignleft\" src=\"https:\/\/przegorzaly.pl\/files\/2022\/06\/IMG-20220522-WA0046-200x300.jpg\" alt=\"\" width=\"200\" height=\"300\" srcset=\"https:\/\/przegorzaly.pl\/files\/2022\/06\/IMG-20220522-WA0046-200x300.jpg 200w, https:\/\/przegorzaly.pl\/files\/2022\/06\/IMG-20220522-WA0046-683x1024.jpg 683w, https:\/\/przegorzaly.pl\/files\/2022\/06\/IMG-20220522-WA0046-768x1152.jpg 768w, https:\/\/przegorzaly.pl\/files\/2022\/06\/IMG-20220522-WA0046-1024x1536.jpg 1024w, https:\/\/przegorzaly.pl\/files\/2022\/06\/IMG-20220522-WA0046.jpg 1066w\" sizes=\"(max-width: 200px) 100vw, 200px\" \/><img loading=\"lazy\" decoding=\"async\" class=\"size-medium wp-image-539 alignleft\" src=\"https:\/\/przegorzaly.pl\/files\/2022\/06\/IMG-20220523-WA0015-200x300.jpg\" alt=\"\" width=\"200\" height=\"300\" srcset=\"https:\/\/przegorzaly.pl\/files\/2022\/06\/IMG-20220523-WA0015-200x300.jpg 200w, https:\/\/przegorzaly.pl\/files\/2022\/06\/IMG-20220523-WA0015-683x1024.jpg 683w, https:\/\/przegorzaly.pl\/files\/2022\/06\/IMG-20220523-WA0015-768x1152.jpg 768w, https:\/\/przegorzaly.pl\/files\/2022\/06\/IMG-20220523-WA0015-1024x1536.jpg 1024w, https:\/\/przegorzaly.pl\/files\/2022\/06\/IMG-20220523-WA0015.jpg 1066w\" sizes=\"(max-width: 200px) 100vw, 200px\" \/><img loading=\"lazy\" decoding=\"async\" class=\"size-medium wp-image-535 alignleft\" src=\"https:\/\/przegorzaly.pl\/files\/2022\/06\/IMG-20220522-WA0036-227x300.jpg\" alt=\"\" width=\"227\" height=\"300\" srcset=\"https:\/\/przegorzaly.pl\/files\/2022\/06\/IMG-20220522-WA0036-227x300.jpg 227w, https:\/\/przegorzaly.pl\/files\/2022\/06\/IMG-20220522-WA0036-776x1024.jpg 776w, https:\/\/przegorzaly.pl\/files\/2022\/06\/IMG-20220522-WA0036-768x1013.jpg 768w, https:\/\/przegorzaly.pl\/files\/2022\/06\/IMG-20220522-WA0036.jpg 1058w\" sizes=\"(max-width: 227px) 100vw, 227px\" \/><img loading=\"lazy\" decoding=\"async\" class=\" wp-image-536 alignleft\" src=\"https:\/\/przegorzaly.pl\/files\/2022\/06\/IMG-20220523-WA0014-300x281.jpg\" alt=\"\" width=\"229\" height=\"215\" srcset=\"https:\/\/przegorzaly.pl\/files\/2022\/06\/IMG-20220523-WA0014-300x281.jpg 300w, https:\/\/przegorzaly.pl\/files\/2022\/06\/IMG-20220523-WA0014-1024x961.jpg 1024w, https:\/\/przegorzaly.pl\/files\/2022\/06\/IMG-20220523-WA0014-768x721.jpg 768w, https:\/\/przegorzaly.pl\/files\/2022\/06\/IMG-20220523-WA0014.jpg 1151w\" sizes=\"(max-width: 229px) 100vw, 229px\" \/><img loading=\"lazy\" decoding=\"async\" class=\" wp-image-537 alignleft\" src=\"https:\/\/przegorzaly.pl\/files\/2022\/06\/IMG-20220523-WA0031-300x254.jpg\" alt=\"\" width=\"227\" height=\"192\" srcset=\"https:\/\/przegorzaly.pl\/files\/2022\/06\/IMG-20220523-WA0031-300x254.jpg 300w, https:\/\/przegorzaly.pl\/files\/2022\/06\/IMG-20220523-WA0031-1024x866.jpg 1024w, https:\/\/przegorzaly.pl\/files\/2022\/06\/IMG-20220523-WA0031-768x650.jpg 768w, https:\/\/przegorzaly.pl\/files\/2022\/06\/IMG-20220523-WA0031.jpg 1277w\" sizes=\"(max-width: 227px) 100vw, 227px\" \/><br \/>\n<img loading=\"lazy\" decoding=\"async\" class=\"size-medium wp-image-516 aligncenter\" src=\"https:\/\/przegorzaly.pl\/files\/2022\/06\/20220522_120925-300x189.jpg\" alt=\"\" width=\"300\" height=\"189\" srcset=\"https:\/\/przegorzaly.pl\/files\/2022\/06\/20220522_120925-300x189.jpg 300w, https:\/\/przegorzaly.pl\/files\/2022\/06\/20220522_120925-1024x645.jpg 1024w, https:\/\/przegorzaly.pl\/files\/2022\/06\/20220522_120925-768x484.jpg 768w, https:\/\/przegorzaly.pl\/files\/2022\/06\/20220522_120925-1536x968.jpg 1536w, https:\/\/przegorzaly.pl\/files\/2022\/06\/20220522_120925-2048x1291.jpg 2048w\" sizes=\"(max-width: 300px) 100vw, 300px\" \/><\/p>\n<hr>\n<p style=\"text-align: center\">W <strong>sobot\u0119 \u2013 21 maja<\/strong> \u2013 o godzinie <strong>16.00&nbsp;<\/strong><br \/>\n<strong>spowied\u017a dzieci komunijnych<\/strong>,<br \/>\nich rodzic\u00f3w, chrzestnych i krewnych.<\/p>\n<hr>\n<p style=\"text-align: center\">W <strong>niedziel\u0119 \u2013 15 maja<\/strong> \u2013 na &nbsp;Mszy \u015bwi\u0119tej<br \/>\no godzinie <strong>11.00&nbsp;<\/strong><br \/>\npo\u015bwi\u0119cenie ksi\u0105\u017ceczek&nbsp;dzieci przygotowuj\u0105cych si\u0119<br \/>\ndo I Komunii \u015bwi\u0119tej.<\/p>\n<hr>\n<p style=\"text-align: center\"><img loading=\"lazy\" decoding=\"async\" class=\"size-medium wp-image-494 aligncenter\" src=\"https:\/\/przegorzaly.pl\/files\/2022\/05\/nabMajowe-300x120.jpg\" alt=\"\" width=\"300\" height=\"120\" srcset=\"https:\/\/przegorzaly.pl\/files\/2022\/05\/nabMajowe-300x120.jpg 300w, https:\/\/przegorzaly.pl\/files\/2022\/05\/nabMajowe.jpg 630w\" sizes=\"(max-width: 300px) 100vw, 300px\" \/><\/p>\n<p style=\"text-align: center\">Serdecznie zapraszamy na <span style=\"color: #0000ff\"><strong>NABO\u017bE\u0143STWA MAJOWE<\/strong><\/span>,<br \/>\nkt\u00f3re przez <span style=\"color: #0000ff\">ca\u0142y miesi\u0105c maj<\/span> odprawiane s\u0105<br \/>\n<span style=\"color: #0000ff\">po wieczornej Mszy \u015bwi\u0119tej<\/span> o godzinie 18.00.<\/p>\n<hr>\n<h2 style=\"text-align: center\"><span style=\"color: #ff0000\">WIELKANOC&nbsp; <img loading=\"lazy\" decoding=\"async\" class=\"wp-image-484 aligncenter\" src=\"https:\/\/przegorzaly.pl\/files\/2022\/04\/wielkanoc-213x300.jpg\" alt=\"\" width=\"256\" height=\"360\" srcset=\"https:\/\/przegorzaly.pl\/files\/2022\/04\/wielkanoc-213x300.jpg 213w, https:\/\/przegorzaly.pl\/files\/2022\/04\/wielkanoc-727x1024.jpg 727w, https:\/\/przegorzaly.pl\/files\/2022\/04\/wielkanoc-768x1081.jpg 768w, https:\/\/przegorzaly.pl\/files\/2022\/04\/wielkanoc.jpg 816w\" sizes=\"(max-width: 256px) 100vw, 256px\" \/><\/span><\/h2>\n<h3>Radosne Alleluja&nbsp;jest dzisiaj na naszych ustach i w naszych sercach. Niech rado\u015b\u0107 wielkanocnego poranka dotrze do ka\u017cdego cz\u0142owieka. Niech b\u0119dzie ona zadatkiem i zapowiedzi\u0105 wiecznego \u015bwi\u0119towania ze Zmartwychwsta\u0142ym. Sk\u0142adamy sobie dzisiaj&nbsp;\u017cyczenia. Prze\u017cywaj\u0105c te \u015bwi\u0119ta pragniemy, aby wiara w to, \u017ce Jezus zmartwychwsta\u0142, \u017ce \u017cyje i jest w\u015br\u00f3d nas, przenikn\u0119\u0142a nasze serca &nbsp;i&nbsp; by\u0142a obecna w naszym codziennym \u017cyciu, w ka\u017cdym jego wymiarze.<\/h3>\n<hr>\n<p><!--more--><img loading=\"lazy\" decoding=\"async\" class=\"size-medium wp-image-459 aligncenter\" src=\"https:\/\/przegorzaly.pl\/files\/2022\/04\/Chrystus-z-krzyzem-300x172.jpg\" alt=\"\" width=\"300\" height=\"172\" srcset=\"https:\/\/przegorzaly.pl\/files\/2022\/04\/Chrystus-z-krzyzem-300x172.jpg 300w, https:\/\/przegorzaly.pl\/files\/2022\/04\/Chrystus-z-krzyzem-1024x587.jpg 1024w, https:\/\/przegorzaly.pl\/files\/2022\/04\/Chrystus-z-krzyzem-768x440.jpg 768w, https:\/\/przegorzaly.pl\/files\/2022\/04\/Chrystus-z-krzyzem.jpg 1240w\" sizes=\"(max-width: 300px) 100vw, 300px\" \/><br \/>\nW Wielkim Tygodniu, b\u0119dziemy prze\u017cywali najwi\u0119ksze tajemnice naszego zbawienia: m\u0119k\u0119, \u015bmier\u0107 i zmartwychwstanie Chrystusa.<br \/>\nWe\u017amy aktywny udzia\u0142 w celebracjach Triduum Paschalnego, kt\u00f3re stanowi centrum roku liturgicznego.<\/p>\n<p style=\"text-align: center\">W Wielkim Tygodniu&nbsp; <strong><span style=\"color: #ff0000\">okazja do spowiedzi \u015bwi\u0119tej<\/span><\/strong><br \/>\nod poniedzia\u0142ku do soboty w\u0142\u0105cznie<br \/>\n<strong>p\u00f3\u0142 godziny przed liturgi\u0105 wieczorn\u0105<\/strong>.<br \/>\nW pierwszy i drugi dzie\u0144 \u015awi\u0105t Wielkanocnych nie spowiadamy.<\/p>\n<p style=\"text-align: center\"><strong><span style=\"color: #ff0000\">W WIELKI CZWARTEK<\/span><\/strong><br \/>\n\u2013 <span style=\"color: #ff0000\">MSZ\u0104 \u015aWI\u0118T\u0104 WIECZERZY PA\u0143SKIEJ<\/span> o&nbsp;godz.<strong><span style=\"color: #ff0000\"> 18.00<br \/>\n<\/span><\/strong>rozpoczynamy celebracj\u0119 <span style=\"color: #ff0000\">\u015aWI\u0118TEGO TRIDUUM PASCHALNEGO<\/span>.<br \/>\nPo Mszy \u015bwi\u0119tej Gorzkie \u017bale i Adoracja Pana Jezusa w Ciemnicy<br \/>\ndo godz. 20.00.<br \/>\nW tym dniu nie ma Mszy \u015bw. porannej.<\/p>\n<p style=\"text-align: center\"><strong><span style=\"color: #ff0000\">W WIELKI PI<\/span><\/strong><span style=\"color: #ff0000\"><strong>\u0104TEK M\u0118KI PA\u0143SKIEJ<\/strong><br \/>\n\u2013 LITURGIA M\u0118KI PA\u0143SKIEJ<\/span> o godz.<span style=\"color: #ff0000\">&nbsp;<strong>18.00<\/strong><\/span>.<br \/>\nBezpo\u015brednio po niej Gorzkie \u017bale i Adoracja Pana Jezusa w Grobie do godziny 20.00.<br \/>\nNabo\u017ce\u0144stwo Drogi Krzy\u017cowej i Koronka do Mi\u0142osierdzia Bo\u017cego<br \/>\no godz.<strong><span style=\"color: #ff0000\"> 15.00<\/span><\/strong>.<br \/>\nPrzypominamy, \u017ce wszystkich, mi\u0119dzy osiemnastym<br \/>\na sze\u015b\u0107dziesi\u0105tym rokiem \u017cycia, w Wielki Pi\u0105tek obowi\u0105zuje post, natomiast wszystkich, kt\u00f3rzy uko\u0144czyli czternasty rok \u017cycia, obowi\u0105zuje wstrzemi\u0119\u017aliwo\u015b\u0107 od pokarm\u00f3w mi\u0119snych.<\/p>\n<p style=\"text-align: center\"><span style=\"color: #ff0000\"><strong>LITURGIA WIGILII PASCHALNEJ<\/strong><br \/>\nW WIELK\u0104 SOBOT\u0118 <span style=\"color: #000000\">rozpocznie si\u0119 <\/span><\/span>o godz.<span style=\"color: #ff0000\"><strong> 20.00&nbsp;<br \/>\n<\/strong><\/span>i zako\u0144czy si\u0119 procesj\u0105 rezurekcyjn\u0105.<br \/>\nProsimy o przyniesienie ze sob\u0105 \u015bwiec.<\/p>\n<p style=\"text-align: center\">Pami\u0119tajmy r\u00f3wnie\u017c w ci\u0105gu dnia o Adoracji Pana Jezusa w Grobie.<\/p>\n<p style=\"text-align: center\"><strong><span style=\"color: #ff0000\">\u015awi\u0119cenie pokarm\u00f3w<\/span><\/strong> w Wielk\u0105 Sobot\u0119<br \/>\nod godz. <strong>10.00<\/strong> do <strong>14.00<\/strong> &#8211; <strong>co p\u00f3\u0142 godziny<\/strong>.<\/p>\n<hr>\n<h2 style=\"text-align: center\"><span style=\"color: #8b0af5\">WIELKI POST<\/span><\/h2>\n<h2><img loading=\"lazy\" decoding=\"async\" class=\" wp-image-323 aligncenter\" src=\"http:\/\/przegorzaly.jezuici.plici.pl\/wp-content\/blogs.dir\/152\/files\/2022\/03\/krzyz-1-300x225.jpg\" alt=\"\" width=\"382\" height=\"286\" srcset=\"https:\/\/przegorzaly.pl\/files\/2022\/03\/krzyz-1-300x225.jpg 300w, https:\/\/przegorzaly.pl\/files\/2022\/03\/krzyz-1-768x576.jpg 768w, https:\/\/przegorzaly.pl\/files\/2022\/03\/krzyz-1.jpg 800w\" sizes=\"(max-width: 382px) 100vw, 382px\" \/><\/h2>\n<p style=\"text-align: center\">W <strong><span style=\"color: #8b0af5\">niedziele<\/span><\/strong> o godzinie <strong><span style=\"color: #8b0af5\">17.15<\/span><\/strong><span style=\"color: #8b0af5\">&nbsp;<strong>GORZKIE \u017bALE<\/strong><\/span><br \/>\nz kazaniem pasyjnym.<br \/>\nZa udzia\u0142 w Gorzkich \u017calach mo\u017cna dost\u0105pi\u0107 odpustu zupe\u0142nego pod zwyk\u0142ymi warunkami.<\/p>\n<p style=\"text-align: center\">W <strong><span style=\"color: #8b0af5\">pi\u0105tek<\/span><\/strong> o godzinie <span style=\"color: #8b0af5\"><strong>17.30<\/strong><\/span> nabo\u017ce\u0144stwo <strong><span style=\"color: #8b0af5\">DROGI KRZY\u017bOWEJ<\/span><\/strong><br \/>\nw intencji owocnego prze\u017cycia rekolekcji i Wielkiego Postu.<br \/>\nZa udzia\u0142 w nabo\u017ce\u0144stwie mo\u017cna zyska\u0107 odpust zupe\u0142ny<br \/>\npod zwyk\u0142ymi warunkami.<\/p>\n<p style=\"text-align: center\"><a href=\"https:\/\/przegorzaly.pl\/files\/2022\/04\/rekolekcje_wielkopostne_Henryk_22A.jpg\"><span style=\"color: #ff0000\"><b>REKOLEKCJE WIELKOPOSTNE<\/b><\/span><\/a><br \/>\nw naszym ko\u015bciele rozpoczn\u0105 si\u0119<br \/>\n<span style=\"color: #8b0af5\"><strong>w pi\u0105t\u0105 niedziel\u0119 Wielkiego Postu<\/strong>.<\/span><br \/>\nG\u0142osi\u0142 je b\u0119dzie Ojciec Henryk Ca\u0142ka, jezuita.<br \/>\nPlan rekolekcji zamieszczony na afiszu.<\/p>\n","protected":false},"excerpt":{"rendered":"<p>W niedziel\u0119 28 sierpnia na Mszy \u015bwi\u0119tej o godzinie 11.00 dokona si\u0119 zmiana proboszcza w naszej parafii. Dotychczasowy proboszcz O. Stanis\u0142aw Data, po zako\u0144czeniu sze\u015bcioletniej kadencji, powr\u00f3ci do Wroc\u0142awia. Nowym proboszczem b\u0119dzie O. Dariusz Da\u0144kowski. W czwartek UROCZYSTO\u015a\u0106&nbsp;CIA\u0141A I KRWI PA\u0143SKIEJ. W tym dniu mo\u017cna zyska\u0107 odpust zupe\u0142ny za pobo\u017cne uczestniczenie w procesji eucharystycznej. Msze [&hellip;]<\/p>\n","protected":false},"author":207,"featured_media":0,"parent":0,"menu_order":0,"comment_status":"closed","ping_status":"closed","template":"","meta":{"_et_pb_use_builder":"","_et_pb_old_content":"","_et_gb_content_width":"","ngg_post_thumbnail":0,"footnotes":""},"class_list":["post-301","page","type-page","status-publish","hentry"],"_links":{"self":[{"href":"https:\/\/przegorzaly.pl\/index.php?rest_route=\/wp\/v2\/pages\/301","targetHints":{"allow":["GET"]}}],"collection":[{"href":"https:\/\/przegorzaly.pl\/index.php?rest_route=\/wp\/v2\/pages"}],"about":[{"href":"https:\/\/przegorzaly.pl\/index.php?rest_route=\/wp\/v2\/types\/page"}],"author":[{"embeddable":true,"href":"https:\/\/przegorzaly.pl\/index.php?rest_route=\/wp\/v2\/users\/207"}],"replies":[{"embeddable":true,"href":"https:\/\/przegorzaly.pl\/index.php?rest_route=%2Fwp%2Fv2%2Fcomments&post=301"}],"version-history":[{"count":28,"href":"https:\/\/przegorzaly.pl\/index.php?rest_route=\/wp\/v2\/pages\/301\/revisions"}],"predecessor-version":[{"id":752,"href":"https:\/\/przegorzaly.pl\/index.php?rest_route=\/wp\/v2\/pages\/301\/revisions\/752"}],"wp:attachment":[{"href":"https:\/\/przegorzaly.pl\/index.php?rest_route=%2Fwp%2Fv2%2Fmedia&parent=301"}],"curies":[{"name":"wp","href":"https:\/\/api.w.org\/{rel}","templated":true}]}}