{"id":264,"date":"2022-02-16T20:51:47","date_gmt":"2022-02-16T19:51:47","guid":{"rendered":"https:\/\/przegorzaly.ccmiatfdtj.cfolks.pl\/?page_id=264"},"modified":"2025-11-14T19:51:31","modified_gmt":"2025-11-14T18:51:31","slug":"dziesiec-przykazan-bozych","status":"publish","type":"page","link":"https:\/\/przegorzaly.pl\/?page_id=264","title":{"rendered":"Dziesi\u0119\u0107 przykaza\u0144 Bo\u017cych"},"content":{"rendered":"<p><span style=\"color: #800000\"><strong>DZIESI\u0118\u0106 PRZYKAZA\u0143 BO\u017bYCH<\/strong><\/span><\/p>\n<p>Jam jest Pan B\u00f3g tw\u00f3j, kt\u00f3rym ci\u0119 wywi\u00f3d\u0142 z ziemi egipskiej, z domu niewoli.<\/p>\n<p>1. Nie b\u0119dziesz mia\u0142 bog\u00f3w cudzych przede Mn\u0105.<\/p>\n<p>2. Nie b\u0119dziesz bra\u0142 imienia Pana Boga twego nadaremnie.<\/p>\n<p>3. Pami\u0119taj, aby\u015b dzie\u0144 \u015bwi\u0119ty \u015bwi\u0119ci\u0142.<\/p>\n<p>4. Czcij ojca swego i matk\u0119 swoj\u0105.<\/p>\n<p>5. Nie zabijaj.<\/p>\n<p>6. Nie cudzo\u0142\u00f3\u017c.<\/p>\n<p>7. Nie kradnij.<\/p>\n<p>8. Nie m\u00f3w fa\u0142szywego \u015bwiadectwa przeciw bli\u017aniemu swemu.<\/p>\n<p>9. Nie po\u017c\u0105daj \u017cony bli\u017aniego swego.<\/p>\n<p>10. Ani \u017cadnej rzeczy, kt\u00f3ra jego jest.<\/p>\n","protected":false},"excerpt":{"rendered":"<p>DZIESI\u0118\u0106 PRZYKAZA\u0143 BO\u017bYCH Jam jest Pan B\u00f3g tw\u00f3j, kt\u00f3rym ci\u0119 wywi\u00f3d\u0142 z ziemi egipskiej, z domu niewoli. 1. Nie b\u0119dziesz mia\u0142 bog\u00f3w cudzych przede Mn\u0105. 2. Nie b\u0119dziesz bra\u0142 imienia Pana Boga twego nadaremnie. 3. Pami\u0119taj, aby\u015b dzie\u0144 \u015bwi\u0119ty \u015bwi\u0119ci\u0142. 4. Czcij ojca swego i matk\u0119 swoj\u0105. 5. Nie zabijaj. 6. Nie cudzo\u0142\u00f3\u017c. 7. Nie [&hellip;]<\/p>\n","protected":false},"author":207,"featured_media":0,"parent":1373,"menu_order":0,"comment_status":"closed","ping_status":"closed","template":"","meta":{"_et_pb_use_builder":"","_et_pb_old_content":"","_et_gb_content_width":"","ngg_post_thumbnail":0,"footnotes":""},"class_list":["post-264","page","type-page","status-publish","hentry"],"_links":{"self":[{"href":"https:\/\/przegorzaly.pl\/index.php?rest_route=\/wp\/v2\/pages\/264","targetHints":{"allow":["GET"]}}],"collection":[{"href":"https:\/\/przegorzaly.pl\/index.php?rest_route=\/wp\/v2\/pages"}],"about":[{"href":"https:\/\/przegorzaly.pl\/index.php?rest_route=\/wp\/v2\/types\/page"}],"author":[{"embeddable":true,"href":"https:\/\/przegorzaly.pl\/index.php?rest_route=\/wp\/v2\/users\/207"}],"replies":[{"embeddable":true,"href":"https:\/\/przegorzaly.pl\/index.php?rest_route=%2Fwp%2Fv2%2Fcomments&post=264"}],"version-history":[{"count":2,"href":"https:\/\/przegorzaly.pl\/index.php?rest_route=\/wp\/v2\/pages\/264\/revisions"}],"predecessor-version":[{"id":2182,"href":"https:\/\/przegorzaly.pl\/index.php?rest_route=\/wp\/v2\/pages\/264\/revisions\/2182"}],"up":[{"embeddable":true,"href":"https:\/\/przegorzaly.pl\/index.php?rest_route=\/wp\/v2\/pages\/1373"}],"wp:attachment":[{"href":"https:\/\/przegorzaly.pl\/index.php?rest_route=%2Fwp%2Fv2%2Fmedia&parent=264"}],"curies":[{"name":"wp","href":"https:\/\/api.w.org\/{rel}","templated":true}]}}