{"id":1373,"date":"2023-07-29T15:28:40","date_gmt":"2023-07-29T13:28:40","guid":{"rendered":"https:\/\/przegorzaly.pl\/?page_id=1373"},"modified":"2025-11-14T19:00:11","modified_gmt":"2025-11-14T18:00:11","slug":"i-komunia-swieta","status":"publish","type":"page","link":"https:\/\/przegorzaly.pl\/?page_id=1373","title":{"rendered":"I Komunia \u015bwi\u0119ta"},"content":{"rendered":"<p>&nbsp;<\/p>\n<p>Ma\u0142y katechizm:<br \/>\n<a href=\"https:\/\/przegorzaly.pl\/?page_id=252\">Modlitwy codzienne<\/a><br \/>\n<a href=\"https:\/\/przegorzaly.pl\/?page_id=255\">Podstawowe prawdy wiary<\/a><br \/>\n<a href=\"https:\/\/przegorzaly.pl\/?page_id=264\">Dziesi\u0119\u0107 przykaza\u0144 Bo\u017cych<\/a><br \/>\n<a href=\"https:\/\/przegorzaly.pl\/?page_id=262\">Przykazania ko\u015bcielne<\/a><br \/>\n<a href=\"https:\/\/przegorzaly.pl\/?page_id=100\">Rachunek sumienia<\/a><\/p>\n","protected":false},"excerpt":{"rendered":"<p>&nbsp; Ma\u0142y katechizm: Modlitwy codzienne Podstawowe prawdy wiary Dziesi\u0119\u0107 przykaza\u0144 Bo\u017cych Przykazania ko\u015bcielne Rachunek sumienia<\/p>\n","protected":false},"author":207,"featured_media":0,"parent":2028,"menu_order":0,"comment_status":"closed","ping_status":"closed","template":"","meta":{"_et_pb_use_builder":"","_et_pb_old_content":"","_et_gb_content_width":"","ngg_post_thumbnail":0,"footnotes":""},"class_list":["post-1373","page","type-page","status-publish","hentry"],"_links":{"self":[{"href":"https:\/\/przegorzaly.pl\/index.php?rest_route=\/wp\/v2\/pages\/1373","targetHints":{"allow":["GET"]}}],"collection":[{"href":"https:\/\/przegorzaly.pl\/index.php?rest_route=\/wp\/v2\/pages"}],"about":[{"href":"https:\/\/przegorzaly.pl\/index.php?rest_route=\/wp\/v2\/types\/page"}],"author":[{"embeddable":true,"href":"https:\/\/przegorzaly.pl\/index.php?rest_route=\/wp\/v2\/users\/207"}],"replies":[{"embeddable":true,"href":"https:\/\/przegorzaly.pl\/index.php?rest_route=%2Fwp%2Fv2%2Fcomments&post=1373"}],"version-history":[{"count":2,"href":"https:\/\/przegorzaly.pl\/index.php?rest_route=\/wp\/v2\/pages\/1373\/revisions"}],"predecessor-version":[{"id":1375,"href":"https:\/\/przegorzaly.pl\/index.php?rest_route=\/wp\/v2\/pages\/1373\/revisions\/1375"}],"up":[{"embeddable":true,"href":"https:\/\/przegorzaly.pl\/index.php?rest_route=\/wp\/v2\/pages\/2028"}],"wp:attachment":[{"href":"https:\/\/przegorzaly.pl\/index.php?rest_route=%2Fwp%2Fv2%2Fmedia&parent=1373"}],"curies":[{"name":"wp","href":"https:\/\/api.w.org\/{rel}","templated":true}]}}