{"id":122,"date":"2022-02-14T11:45:08","date_gmt":"2022-02-14T10:45:08","guid":{"rendered":"https:\/\/przegorzaly.ccmiatfdtj.cfolks.pl\/?page_id=122"},"modified":"2025-11-15T08:31:09","modified_gmt":"2025-11-15T07:31:09","slug":"symbolika-sakramentu","status":"publish","type":"page","link":"https:\/\/przegorzaly.pl\/?page_id=122","title":{"rendered":"Symbolika sakramentu"},"content":{"rendered":"<p><span style=\"color: #0000ff\"><strong>Nak\u0142adanie r\u0105k<\/strong><\/span> <span style=\"color: #000000\">na g\u0142ow\u0119 jest gestem biblijnym (Rdz 48, 14; Kp\u0142 9, 22; Lb 8,10; 27, 25&#8230;), kt\u00f3ry w liturgii nale\u017cy do najstarszych obrz\u0119d\u00f3w. W sakramencie bierzmowania w\u0142o\u017cenie r\u0119ki biskupa na g\u0142ow\u0119 kandydata oznacza i\u017c Duch \u015awi\u0119ty udziela mu si\u0119 jako niewymowny Dar. W Dziejach Apostolskich czytamy, \u017ce Aposto\u0142owie wk\u0142adali r\u0119ce na ochrzczonych i otrzymywali Ducha \u015awi\u0119tego (Dz 8, 15-17; 19, 5-6).<\/span><\/p>\n<p><strong><span style=\"color: #0000ff\">Krzy\u017c<\/span><\/strong> <span style=\"color: #000000\">jest \u015bwi\u0119tym znakiem odkupienia (Koi l, 20) i wiary \u015bwi\u0119tej (l Kor 1,17). Jest piecz\u0119ci\u0105, kt\u00f3r\u0105 nosi na sobie ka\u017cdy, kto s\u0142u\u017cy Bogu (Ap 7,4). W\u015br\u00f3d symboli chrze\u015bcija\u0144skich zajmuje naczelne miejsce. Kre\u015blenie znaku krzy\u017ca na czole bierzmowanego oznacza, \u017ce ma on prawo i obowi\u0105zek wyznawania swojej wiary \u015bwi\u0119tej, kt\u00f3ra jest jego chlub\u0105 i nie powinien si\u0119 jej wstydzi\u0107 lecz odwa\u017cnie j\u0105 wyznawa\u0107 i broni\u0107 jej. Naznaczenie krzy\u017cem zobowi\u0105zuje bierzmowanego do pewnej dyscypliny osobistej, polegaj\u0105cej na prowadzeniu swojego \u017cycia zgodnie z wymogami Ewangelii.<\/span><\/p>\n<p><span style=\"color: #0000ff\"><strong>Krzy\u017cmo \u015bwi\u0119te<\/strong><\/span> <span style=\"color: #000000\">jest oliw\u0105 zmieszan\u0105 z balsamem i po\u015bwi\u0119con\u0105 uroczy\u015bcie przez biskupa we Wielki Czwartek, podczas tzw. Mszy Krzy\u017cma. Nazwa Krzy\u017cmo wywodzi si\u0119 z Imienia: Chrystus (Christus &#8211; Chrisma &#8211; Krzy\u017cmo) Symbolizuje Chrystusa, w kt\u00f3rym cz\u0142owiecze\u0144stwo z\u0142\u0105czone jest z B\u00f3stwem.<\/span><\/p>\n<p><strong><span style=\"color: #0000ff\">Namaszczenie \u015bwi\u0119tym olejem<\/span><\/strong> <span style=\"color: #000000\">symbolizuje upodobnienie bierzmowanego do Chrystusa. Podobie\u0144stwo to jest niezniszczalne i nosi nazw\u0119 znamienia Pa\u0144skiego lub piecz\u0119ci. Sprawc\u0105 tego podobie\u0144stwa i zjednoczenia z Chrystusem jest Duch \u015awi\u0119ty. St\u0105d bierzmowany przez to \u015bwi\u0119te namaszczenie ma pe\u0142ne prawo do nazwy &#8222;chrze\u015bcijanin&#8221; czyli nale\u017c\u0105cy do Chrystusa i Jego Ko\u015bcio\u0142a.<\/span><\/p>\n<p><strong><span style=\"color: #0000ff\">Oliwa<\/span><\/strong> <span style=\"color: #000000\">w zastosowaniu liturgicznym symbolizuje Ducha \u015awi\u0119tego, kt\u00f3ry jest \u017ar\u00f3d\u0142em dar\u00f3w nadprzyrodzonych. On przy chrzcie w Jordanie zst\u0105pi\u0142 na Jezusa i uczyni\u0142 Go Chrystusem, to znaczy Namaszczonym czyli Mesjaszem. Namaszczenie bierzmowanego oznacza umocnienie chrzestnych wi\u0119zi z Chrystusem.<\/span><\/p>\n<p><span style=\"color: #000000\"><span style=\"color: #0000ff\"><strong>Balsam<\/strong><\/span> uzyskuje si\u0119 z pewnego gatunku tropikalnego rododendronu przez naci\u0119cie sk\u00f3ry. W takim sposobie uzyskiwania balsamu \u015bw. Ambro\u017cy dostrzega obraz \u0142ask wyp\u0142ywaj\u0105cych z przebitego boku Chrystusa. Opr\u00f3cz w\u0142a\u015bciwo\u015bci leczniczych, balsam posiada bardzo mi\u0142y zapach. Przy po\u015bwi\u0119caniu Krzy\u017cma miesza si\u0119 balsam z oliw\u0105, by symbolizowa\u0142 ludzi, kt\u00f3rzy udoskonaleni w sakramencie bierzmowania roztaczaj\u0105 w swoim \u015brodowisku mi\u0142y aromat cn\u00f3t chrze\u015bcija\u0144skich. \u015aw. Pawe\u0142 m\u00f3wi, aby bierzmowani chrze\u015bcijanie byli \u201cmi\u0142\u0105 Bogu wonno\u015bci\u0105 Chrystusa\u201d (2 Kor 2, 15).<\/span><\/p>\n<p><span style=\"color: #000000\">W\u0142a\u015bciwe znaczenie obrz\u0119du poznajemy ze<\/span> <strong><span style=\"color: #0000ff\">s\u0142\u00f3w towarzysz\u0105cych<\/span><\/strong>. <span style=\"color: #000000\">Na\u0142o\u017cenie r\u0105k ma miejsce w obrz\u0119dach chrztu, bierzmowania, \u015bwi\u0119ce\u0144, przy b\u0142ogos\u0142awie\u0144stwach itp. Ze s\u0142\u00f3w wiadomo dopiero o jakie na\u0142o\u017cenie r\u0105k chodzi. W sakramencie bierzmowania na\u0142o\u017cenie r\u0105k biskupa oznacza i sprawia udzielenie si\u0119 Ducha \u015awi\u0119tego dla u\u015bwi\u0119cenia cz\u0142owieka i umocnienia na drodze zdobywania \u015bwi\u0119to\u015bci i w s\u0142u\u017cbie Bo\u017cej.<\/span><\/p>\n","protected":false},"excerpt":{"rendered":"<p>Nak\u0142adanie r\u0105k na g\u0142ow\u0119 jest gestem biblijnym (Rdz 48, 14; Kp\u0142 9, 22; Lb 8,10; 27, 25&#8230;), kt\u00f3ry w liturgii nale\u017cy do najstarszych obrz\u0119d\u00f3w. W sakramencie bierzmowania w\u0142o\u017cenie r\u0119ki biskupa na g\u0142ow\u0119 kandydata oznacza i\u017c Duch \u015awi\u0119ty udziela mu si\u0119 jako niewymowny Dar. W Dziejach Apostolskich czytamy, \u017ce Aposto\u0142owie wk\u0142adali r\u0119ce na ochrzczonych i otrzymywali [&hellip;]<\/p>\n","protected":false},"author":207,"featured_media":0,"parent":2164,"menu_order":5,"comment_status":"closed","ping_status":"closed","template":"","meta":{"_et_pb_use_builder":"","_et_pb_old_content":"","_et_gb_content_width":"","ngg_post_thumbnail":0,"footnotes":""},"class_list":["post-122","page","type-page","status-publish","hentry"],"_links":{"self":[{"href":"https:\/\/przegorzaly.pl\/index.php?rest_route=\/wp\/v2\/pages\/122","targetHints":{"allow":["GET"]}}],"collection":[{"href":"https:\/\/przegorzaly.pl\/index.php?rest_route=\/wp\/v2\/pages"}],"about":[{"href":"https:\/\/przegorzaly.pl\/index.php?rest_route=\/wp\/v2\/types\/page"}],"author":[{"embeddable":true,"href":"https:\/\/przegorzaly.pl\/index.php?rest_route=\/wp\/v2\/users\/207"}],"replies":[{"embeddable":true,"href":"https:\/\/przegorzaly.pl\/index.php?rest_route=%2Fwp%2Fv2%2Fcomments&post=122"}],"version-history":[{"count":4,"href":"https:\/\/przegorzaly.pl\/index.php?rest_route=\/wp\/v2\/pages\/122\/revisions"}],"predecessor-version":[{"id":2187,"href":"https:\/\/przegorzaly.pl\/index.php?rest_route=\/wp\/v2\/pages\/122\/revisions\/2187"}],"up":[{"embeddable":true,"href":"https:\/\/przegorzaly.pl\/index.php?rest_route=\/wp\/v2\/pages\/2164"}],"wp:attachment":[{"href":"https:\/\/przegorzaly.pl\/index.php?rest_route=%2Fwp%2Fv2%2Fmedia&parent=122"}],"curies":[{"name":"wp","href":"https:\/\/api.w.org\/{rel}","templated":true}]}}