{"id":121,"date":"2022-02-14T11:44:50","date_gmt":"2022-02-14T10:44:50","guid":{"rendered":"https:\/\/przegorzaly.ccmiatfdtj.cfolks.pl\/?page_id=121"},"modified":"2025-11-15T08:28:55","modified_gmt":"2025-11-15T07:28:55","slug":"obrzedy-sakramentu","status":"publish","type":"page","link":"https:\/\/przegorzaly.pl\/?page_id=121","title":{"rendered":"Obrz\u0119dy Sakramentu"},"content":{"rendered":"<p><span style=\"color: #000000\">\u201eSakrament bierzmowania wraz z chrztem i Eucharysti\u0105 nale\u017cy do sakrament\u00f3w wtajemniczenia chrze\u015bcija\u0144skiego, kt\u00f3rego jedno\u015b\u0107 powinna by\u0107 zachowywana. Przyj\u0119cie tego sakramentu jest konieczne jako dope\u0142nienie \u0142aski chrztu. Przez sakrament bierzmowania ochrzczeni jeszcze \u015bci\u015blej wi\u0105\u017c\u0105 si\u0119 z Ko\u015bcio\u0142em, otrzymuj\u0105 szczeg\u00f3ln\u0105 moc Ducha \u015awi\u0119tego i w ten spos\u00f3b jeszcze mocniej zobowi\u0105zani s\u0105, jako prawdziwi \u015bwiadkowie Chrystusa, do szerzenia wiary s\u0142owem i uczynkiem oraz do bronienia jej\u201d. (KKK 1285)<\/span><\/p>\n<p><span style=\"color: #993300\"><strong>OBRZ\u0118D SAKRAMENTU BIERZMOWANI<\/strong>A<\/span><\/p>\n<p><span style=\"color: #000000\">&#8211; przedstawienie kandydat\u00f3w biskupowi;<\/span><\/p>\n<p><span style=\"color: #000000\">&#8211; przem\u00f3wienie biskupa do kandydat\u00f3w, uwzgl\u0119dniaj\u0105ce wszystkich wiernych obecnych;<\/span><\/p>\n<p><span style=\"color: #000000\">&#8211; odnowienie przyrzecze\u0144 chrzestnych;<\/span><\/p>\n<p><span style=\"color: #000000\">&#8211; modlitwa biskupa o dary Ducha \u015awi\u0119tego, z wyci\u0105gni\u0119tymi r\u0119kami nad kandydatami;<\/span><\/p>\n<p><span style=\"color: #000000\">&#8211; udzielenie sakramentu bierzmowania ka\u017cdemu kandydatowi z osobna;<\/span><\/p>\n<p><span style=\"color: #000000\">&#8211; modlitwa powszechna;<\/span><\/p>\n<p><span style=\"color: #000000\">&#8211; b\u0142ogos\u0142awie\u0144stwo ko\u0144cowe.<\/span><\/p>\n<p><span style=\"color: #000000\">&#8211; przedstawienie kandydat\u00f3w biskupowi;<\/span><\/p>\n<p><span style=\"color: #000000\">&#8211; przem\u00f3wienie biskupa do kandydat\u00f3w, uwzgl\u0119dniaj\u0105ce wszystkich wiernych obecnych;<\/span><\/p>\n<p><span style=\"color: #000000\">&#8211; odnowienie przyrzecze\u0144 chrzestnych;<\/span><\/p>\n<p><span style=\"color: #000000\">&#8211; modlitwa biskupa o dary Ducha \u015awi\u0119tego, z wyci\u0105gni\u0119tymi r\u0119kami nad<\/span> <span style=\"color: #000000\">kandydatami;<\/span><\/p>\n<p><span style=\"color: #000000\">&#8211; udzielenie sakramentu bierzmowania ka\u017cdemu kandydatowi z osobna;<\/span><\/p>\n<p><span style=\"color: #000000\">&#8211; modlitwa powszechna;<\/span><\/p>\n<p><span style=\"color: #000000\">&#8211; b\u0142ogos\u0142awie\u0144stwo ko\u0144cowe.<\/span><\/p>\n","protected":false},"excerpt":{"rendered":"<p>\u201eSakrament bierzmowania wraz z chrztem i Eucharysti\u0105 nale\u017cy do sakrament\u00f3w wtajemniczenia chrze\u015bcija\u0144skiego, kt\u00f3rego jedno\u015b\u0107 powinna by\u0107 zachowywana. Przyj\u0119cie tego sakramentu jest konieczne jako dope\u0142nienie \u0142aski chrztu. Przez sakrament bierzmowania ochrzczeni jeszcze \u015bci\u015blej wi\u0105\u017c\u0105 si\u0119 z Ko\u015bcio\u0142em, otrzymuj\u0105 szczeg\u00f3ln\u0105 moc Ducha \u015awi\u0119tego i w ten spos\u00f3b jeszcze mocniej zobowi\u0105zani s\u0105, jako prawdziwi \u015bwiadkowie Chrystusa, do szerzenia [&hellip;]<\/p>\n","protected":false},"author":207,"featured_media":0,"parent":2164,"menu_order":4,"comment_status":"closed","ping_status":"closed","template":"","meta":{"_et_pb_use_builder":"","_et_pb_old_content":"","_et_gb_content_width":"","ngg_post_thumbnail":0,"footnotes":""},"class_list":["post-121","page","type-page","status-publish","hentry"],"_links":{"self":[{"href":"https:\/\/przegorzaly.pl\/index.php?rest_route=\/wp\/v2\/pages\/121","targetHints":{"allow":["GET"]}}],"collection":[{"href":"https:\/\/przegorzaly.pl\/index.php?rest_route=\/wp\/v2\/pages"}],"about":[{"href":"https:\/\/przegorzaly.pl\/index.php?rest_route=\/wp\/v2\/types\/page"}],"author":[{"embeddable":true,"href":"https:\/\/przegorzaly.pl\/index.php?rest_route=\/wp\/v2\/users\/207"}],"replies":[{"embeddable":true,"href":"https:\/\/przegorzaly.pl\/index.php?rest_route=%2Fwp%2Fv2%2Fcomments&post=121"}],"version-history":[{"count":7,"href":"https:\/\/przegorzaly.pl\/index.php?rest_route=\/wp\/v2\/pages\/121\/revisions"}],"predecessor-version":[{"id":2186,"href":"https:\/\/przegorzaly.pl\/index.php?rest_route=\/wp\/v2\/pages\/121\/revisions\/2186"}],"up":[{"embeddable":true,"href":"https:\/\/przegorzaly.pl\/index.php?rest_route=\/wp\/v2\/pages\/2164"}],"wp:attachment":[{"href":"https:\/\/przegorzaly.pl\/index.php?rest_route=%2Fwp%2Fv2%2Fmedia&parent=121"}],"curies":[{"name":"wp","href":"https:\/\/api.w.org\/{rel}","templated":true}]}}