{"id":120,"date":"2022-02-14T11:44:35","date_gmt":"2022-02-14T10:44:35","guid":{"rendered":"https:\/\/przegorzaly.ccmiatfdtj.cfolks.pl\/?page_id=120"},"modified":"2022-02-16T17:16:06","modified_gmt":"2022-02-16T16:16:06","slug":"modlitwa","status":"publish","type":"page","link":"https:\/\/przegorzaly.pl\/?page_id=120","title":{"rendered":"Modlitwa"},"content":{"rendered":"<p><span style=\"color: #993300;\">MODLITWA O SIEDEM DAR\u00d3W DUCHA \u015aWI\u0118TEGO<\/span><\/p>\n<p>Duchu Przenaj\u015bwi\u0119tszy, Pocieszycielu, u\u015bwi\u0119caj\u0105cy dusze nasze, racz mi udzieli\u0107 daru m\u0105dro\u015bci, abym pozna\u0142 i umi\u0142owa\u0142 prawd\u0119 wiekuist\u0105 i nigdy d\u00f3br tego \u015bwiata nie przedk\u0142ada\u0142 nad dobro wieczne. Daj mi dar rozumu, abym pozna\u0142 prawdy objawione na ile dozwala nieudolno\u015b\u0107 ludzka. Daj mi dar umiej\u0119tno\u015bci, abym si\u0119 przekona\u0142 o nico\u015bci swojej i wszelkich rzeczy stworzonych. \u017bebym wszystko odnosi\u0142 do Boga wed\u0142ug uczu\u0107 Serca Jezusowego, a gardzi\u0142 marno\u015bciami tego \u015bwiata. Daj mi dar rady, abym ostro\u017cnie post\u0119powa\u0142 w\u015br\u00f3d niebezpiecze\u0144stw \u017cycia doczesnego i spe\u0142nia\u0142 wol\u0119 Bo\u017c\u0105. Daj mi dar mocy, abym przezwyci\u0119\u017ca\u0142 pokusy nieprzyjaciela i znosi\u0142 prze\u015bladowania, na kt\u00f3re m\u00f3g\u0142bym by\u0107 wystawiony. Daj mi dar pobo\u017cno\u015bci, abym si\u0119 rozmi\u0142owa\u0142 w rozmy\u015blaniu, w modlitwie i w tym wszystkim, co si\u0119 do s\u0142u\u017cby Bo\u017cej odnosi. Daj mi dar boja\u017ani Bo\u017cej, abym pilnie unika\u0142 wszystkiego, co by Ci\u0119 obrazi\u0107 mog\u0142o, abym si\u0119 ba\u0142 grzechu bardziej ni\u017c \u015bmierci, a to jedynie dla mi\u0142o\u015bci Twojej. Nape\u0142nij Duchu \u015awi\u0119ty, serce moje Bosk\u0105 mi\u0142o\u015bci\u0105 i \u0142ask\u0105 wytrwania, abym \u017cy\u0142 po chrze\u015bcija\u0144sku i umar\u0142 \u015bmierci\u0105 \u015bwi\u0105tobliw\u0105. Amen.<\/p>\n<p>Dar zadaniem<\/p>\n<p>Ka\u017cdy dar jest r\u00f3wnocze\u015bnie zadaniem. Otrzymana godno\u015b\u0107, przywilej, wyr\u00f3\u017cnienie czy odznaczenie, zawsze wi\u0105\u017c\u0105 si\u0119 z zadaniem, z kt\u00f3rego trzeba si\u0119 wywi\u0105za\u0107. Zobowi\u0105zuj\u0105 cz\u0142owieka do pokazania, i\u017c godno\u015b\u0107 otrzymana nie jest pomy\u0142k\u0105.<\/p>\n<p>Sakrament bierzmowania r\u00f3wnie\u017c jest zadaniem. Udzielenie si\u0119 Ducha \u015awi\u0119tego, udoskonalenie podobie\u0144stwa do Chrystusa Kap\u0142ana, Proroka i Kr\u00f3la zobowi\u0105zuje do dzi\u0119kczynienia i do kroczenia drog\u0105 zbawienia. Na wyniesienie trzeba po prostu odpowiedzie\u0107 pobo\u017cnym \u017cyciem, apostolstwem, s\u0142u\u017ceniem bli\u017anim i udzia\u0142em w liturgii dla u\u015bwi\u0119cenia i wsp\u00f3lnego wielbienia Boga. We Wst\u0119pie do Obrz\u0119d\u00f3w bierzmowania czytamy na ten temat: \u201cNamaszczenie krzy\u017cmem i s\u0142owa, jakie mu towarzysz\u0105, wyra\u017caj\u0105 skutki daru Ducha \u015awi\u0119tego. Przez namaszczenie wonnym olejem r\u0119k\u0105 biskupa ochrzczony otrzymuje niezniszczalny charakter, znami\u0119 Pa\u0144skie, razem z darem Ducha \u015awi\u0119tego, kt\u00f3ry doskonalej upodabnia do Chrystusa i udziela mu \u0142aski rozszerzania w\u015br\u00f3d ludzi dobrej woni\u201d (Wst\u0119p do obrz\u0119d\u00f3w sakramentu Bierzmowania).<\/p>\n","protected":false},"excerpt":{"rendered":"<p>MODLITWA O SIEDEM DAR\u00d3W DUCHA \u015aWI\u0118TEGO Duchu Przenaj\u015bwi\u0119tszy, Pocieszycielu, u\u015bwi\u0119caj\u0105cy dusze nasze, racz mi udzieli\u0107 daru m\u0105dro\u015bci, abym pozna\u0142 i umi\u0142owa\u0142 prawd\u0119 wiekuist\u0105 i nigdy d\u00f3br tego \u015bwiata nie przedk\u0142ada\u0142 nad dobro wieczne. Daj mi dar rozumu, abym pozna\u0142 prawdy objawione na ile dozwala nieudolno\u015b\u0107 ludzka. Daj mi dar umiej\u0119tno\u015bci, abym si\u0119 przekona\u0142 o nico\u015bci [&hellip;]<\/p>\n","protected":false},"author":207,"featured_media":0,"parent":0,"menu_order":3,"comment_status":"closed","ping_status":"closed","template":"","meta":{"_et_pb_use_builder":"","_et_pb_old_content":"","_et_gb_content_width":"","ngg_post_thumbnail":0,"footnotes":""},"class_list":["post-120","page","type-page","status-publish","hentry"],"_links":{"self":[{"href":"https:\/\/przegorzaly.pl\/index.php?rest_route=\/wp\/v2\/pages\/120","targetHints":{"allow":["GET"]}}],"collection":[{"href":"https:\/\/przegorzaly.pl\/index.php?rest_route=\/wp\/v2\/pages"}],"about":[{"href":"https:\/\/przegorzaly.pl\/index.php?rest_route=\/wp\/v2\/types\/page"}],"author":[{"embeddable":true,"href":"https:\/\/przegorzaly.pl\/index.php?rest_route=\/wp\/v2\/users\/207"}],"replies":[{"embeddable":true,"href":"https:\/\/przegorzaly.pl\/index.php?rest_route=%2Fwp%2Fv2%2Fcomments&post=120"}],"version-history":[{"count":2,"href":"https:\/\/przegorzaly.pl\/index.php?rest_route=\/wp\/v2\/pages\/120\/revisions"}],"predecessor-version":[{"id":243,"href":"https:\/\/przegorzaly.pl\/index.php?rest_route=\/wp\/v2\/pages\/120\/revisions\/243"}],"wp:attachment":[{"href":"https:\/\/przegorzaly.pl\/index.php?rest_route=%2Fwp%2Fv2%2Fmedia&parent=120"}],"curies":[{"name":"wp","href":"https:\/\/api.w.org\/{rel}","templated":true}]}}