{"id":118,"date":"2022-02-14T11:43:58","date_gmt":"2022-02-14T10:43:58","guid":{"rendered":"https:\/\/przegorzaly.ccmiatfdtj.cfolks.pl\/?page_id=118"},"modified":"2025-11-14T19:48:20","modified_gmt":"2025-11-14T18:48:20","slug":"terminarz-spotkan","status":"publish","type":"page","link":"https:\/\/przegorzaly.pl\/?page_id=118","title":{"rendered":"Drogi Kandydacie!"},"content":{"rendered":"<p>Sakrament Bierzmowania wraz z Chrztem i Eucharysti\u0105 nale\u017cy do \u201esakrament\u00f3w wtajemniczenia chrze\u015bcija\u0144skiego&#8221;. Bierzmowanie udoskonala \u0142ask\u0119 chrztu; jest ono sakramentem, kt\u00f3ry daje Ducha \u015awi\u0119tego, aby g\u0142\u0119biej zakorzeni\u0107 nas w synostwie Bo\u017cym, \u015bci\u015blej wszczepi\u0107 w Chrystusa, umocni\u0107 nasz\u0105 wi\u0119\u017a z Ko\u015bcio\u0142em, w\u0142\u0105czy\u0107 nas bardziej do jego pos\u0142ania. Pomaga w \u015bwiadczeniu o wierze chrze\u015bcija\u0144skiej s\u0142owem i uczynkiem oraz uzdalnia do jej odwa\u017cnej obrony. W okresie przygotowywania si\u0119 na przyj\u0119cie Sakramentu Bierzmowania od kandydata wymaga si\u0119 pog\u0142\u0119bienia swojej wiary i wi\u0119zi z Chrystusem i Jego Ko\u015bcio\u0142em. Aby to zrealizowa\u0107, trzeba si\u0119 zastosowa\u0107 do nast\u0119puj\u0105cych wymaga\u0144:<\/p>\n<ol>\n<li>Codzienna modlitwa osobista<\/li>\n<li>Uczestnictwo w ka\u017cdej niedzielnej Eucharystii<\/li>\n<li>Uczestnictwo w \u015awi\u0119tym Triduum Paschalnym<\/li>\n<li>Raz w miesi\u0105cu spowied\u017a \u015bw. i przyj\u0119cie Komunii \u015bw.<\/li>\n<li>Obecno\u015b\u0107 na spotkaniach przygotowuj\u0105cych kandydata do Sakramentu Bierzmowania.<\/li>\n<li>Pog\u0142\u0119bienie znajomo\u015bci katechizmu<\/li>\n<li>Raz w tygodniu kwadrans lektury duchowej \u2013 ksi\u0105\u017cka religijna, czasopismo np. Niedziela, Go\u015b\u0107 Niedzielny lub inne<\/li>\n<\/ol>\n<p>&nbsp;<\/p>\n","protected":false},"excerpt":{"rendered":"<p>Sakrament Bierzmowania wraz z Chrztem i Eucharysti\u0105 nale\u017cy do \u201esakrament\u00f3w wtajemniczenia chrze\u015bcija\u0144skiego&#8221;. Bierzmowanie udoskonala \u0142ask\u0119 chrztu; jest ono sakramentem, kt\u00f3ry daje Ducha \u015awi\u0119tego, aby g\u0142\u0119biej zakorzeni\u0107 nas w synostwie Bo\u017cym, \u015bci\u015blej wszczepi\u0107 w Chrystusa, umocni\u0107 nasz\u0105 wi\u0119\u017a z Ko\u015bcio\u0142em, w\u0142\u0105czy\u0107 nas bardziej do jego pos\u0142ania. Pomaga w \u015bwiadczeniu o wierze chrze\u015bcija\u0144skiej s\u0142owem i uczynkiem oraz [&hellip;]<\/p>\n","protected":false},"author":207,"featured_media":0,"parent":2164,"menu_order":1,"comment_status":"closed","ping_status":"closed","template":"","meta":{"_et_pb_use_builder":"off","_et_pb_old_content":"","_et_gb_content_width":"","ngg_post_thumbnail":0,"footnotes":""},"class_list":["post-118","page","type-page","status-publish","hentry"],"_links":{"self":[{"href":"https:\/\/przegorzaly.pl\/index.php?rest_route=\/wp\/v2\/pages\/118","targetHints":{"allow":["GET"]}}],"collection":[{"href":"https:\/\/przegorzaly.pl\/index.php?rest_route=\/wp\/v2\/pages"}],"about":[{"href":"https:\/\/przegorzaly.pl\/index.php?rest_route=\/wp\/v2\/types\/page"}],"author":[{"embeddable":true,"href":"https:\/\/przegorzaly.pl\/index.php?rest_route=\/wp\/v2\/users\/207"}],"replies":[{"embeddable":true,"href":"https:\/\/przegorzaly.pl\/index.php?rest_route=%2Fwp%2Fv2%2Fcomments&post=118"}],"version-history":[{"count":5,"href":"https:\/\/przegorzaly.pl\/index.php?rest_route=\/wp\/v2\/pages\/118\/revisions"}],"predecessor-version":[{"id":2180,"href":"https:\/\/przegorzaly.pl\/index.php?rest_route=\/wp\/v2\/pages\/118\/revisions\/2180"}],"up":[{"embeddable":true,"href":"https:\/\/przegorzaly.pl\/index.php?rest_route=\/wp\/v2\/pages\/2164"}],"wp:attachment":[{"href":"https:\/\/przegorzaly.pl\/index.php?rest_route=%2Fwp%2Fv2%2Fmedia&parent=118"}],"curies":[{"name":"wp","href":"https:\/\/api.w.org\/{rel}","templated":true}]}}