{"id":1176,"date":"2023-02-25T11:52:15","date_gmt":"2023-02-25T10:52:15","guid":{"rendered":"https:\/\/przegorzaly.pl\/?page_id=1176"},"modified":"2024-05-24T10:34:59","modified_gmt":"2024-05-24T08:34:59","slug":"1176-2","status":"publish","type":"page","link":"https:\/\/przegorzaly.pl\/?page_id=1176","title":{"rendered":"Rekolekcje ignacja\u0144skie"},"content":{"rendered":"<div class=\"page-header\">\n<h2>Czym s\u0105 rekolekcje ignacja\u0144skie?<\/h2>\n<\/div>\n<div><img loading=\"lazy\" decoding=\"async\" class=\"alignright wp-image-1677 size-medium\" src=\"https:\/\/przegorzaly.pl\/files\/2024\/05\/ignatius-256x300.jpg\" alt=\"\" width=\"256\" height=\"300\" srcset=\"https:\/\/przegorzaly.pl\/files\/2024\/05\/ignatius-256x300.jpg 256w, https:\/\/przegorzaly.pl\/files\/2024\/05\/ignatius.jpg 430w\" sizes=\"(max-width: 256px) 100vw, 256px\" \/><br \/>\nAutorem \u0106wicze\u0144 duchowych, bo taka jest oryginalna nazwa rekolekcji ignacja\u0144skich, jest \u015bw. Ignacy Loyola (1491-1556), za\u0142o\u017cyciel zakonu Jezuit\u00f3w. S\u0105 one form\u0105 rekolekcji w&nbsp;ca\u0142kowitym milczeniu. Ucz\u0105 spotkania z&nbsp;Bogiem poprzez rozwa\u017canie S\u0142owa Bo\u017cego zawartego w&nbsp;Pi\u015bmie \u015awi\u0119tym. S\u0105 tak\u017ce \u015bcie\u017ck\u0105 poznania i&nbsp;spotkania ze sob\u0105 samym. Zak\u0142adaj\u0105, \u017ce do poznania Boga potrzebne jest poznanie siebie. I&nbsp;na odwr\u00f3t: poznanie siebie prowadzi do poznania Boga. Rekolekcje ignacja\u0144skie zosta\u0142y oficjalnie zatwierdzone przez papie\u017ca Paw\u0142a III w&nbsp;1548 roku.<br \/>\n\u0106wiczenia Duchowe s\u0105 szko\u0142\u0105 modlitwy &#8211; zw\u0142aszcza medytacyjnej i kontemplacyjnej &#8211; oraz okazj\u0105 do uczenia si\u0119 sztuki rozeznawania koniecznej do w\u0142a\u015bciwego podejmowania decyzji i ich realizacji.<\/div>\n<div><strong>PROGRAM. <\/strong>Ka\u017cdy z poszczeg\u00f3lnych Tygodni Ignacja\u0144skich trwa oko\u0142o o\u015bmiu dni (Fundament jest kr\u00f3tszy i trwa pi\u0119\u0107 dni). Codzienny program \u0106wicze\u0144 Duchowych sk\u0142ada si\u0119 z:<br \/>\n&#8211; wprowadze\u0144 do osobistej modlitwy podawanych przez rekolekcjonist\u0119<br \/>\n&#8211; osobistej modlitwy 3-4 razy dziennie po 45-60 min.<br \/>\n&#8211; rozmowy z&nbsp;osob\u0105 towarzysz\u0105c\u0105: kap\u0142anem, siostr\u0105 zakonn\u0105 lub osob\u0105 \u015bwieck\u0105 (20-25 min.)<br \/>\n&#8211; konferencji<br \/>\n&#8211; Eucharystii<br \/>\n&#8211; adoracji Naj\u015bwi\u0119tszego Sakramentu<br \/>\n&#8211; ignacja\u0144skiego rachunku sumienia<\/div>\n<div>Rekolekcje Ignacja\u0144skie to propozycja ciekawa dla m\u0142odych i starszych, dla \u015bwieckich i duchownych, dla student\u00f3w, ma\u0142\u017conk\u00f3w i szukaj\u0105cych \u017cyciowego powo\u0142ania. To propozycja nie\u0142atwa i wymagaj\u0105ca, ale dla wielu okazuje si\u0119 cenn\u0105 pomoc\u0105, by pozna\u0107 Boga \u017cywego i Jego mi\u0142o\u015b\u0107, by do\u015bwiadczy\u0107 nawr\u00f3cenia i pojednania, by poznawa\u0107 Jezusa i Jego wol\u0119, wreszcie by prze\u017cywa\u0107 w\u0142asne chrze\u015bcija\u0144stwo \u015bwiadomie, ka\u017cdego dnia i z rado\u015bci\u0105. Osobom stoj\u0105cym przed wyborem drogi \u017cycia \u0106wiczenia Duchowe pomagaj\u0105 w&nbsp;dokonaniu w\u0142a\u015bciwego wyboru. S\u0105 pomocne tak\u017ce do reformy \u017cycia oraz do pog\u0142\u0119bienia i&nbsp;o\u017cywienia do\u015bwiadczenia wiary.<\/div>\n<div><strong>Adresy<\/strong> jezuickich <strong><a href=\"https:\/\/jezuici.pl\/2018\/04\/osrodki-rekolekcyjne\/\" target=\"_blank\" rel=\"noopener\">DOM\u00d3W REKOLEKCYJNYCH<\/a><\/strong><\/div>\n<div>\n<p><strong>Dla m\u0142odzie\u017cy w wieku od 18 do 26 lat<\/strong> proponujemy rekolekcje w dostosowanej formie, prowadzone przez <a href=\"http:\/\/www.szkolakontaktu.pl\/\" target=\"_blank\" rel=\"noopener\"><strong>SZKO\u0141\u0118 KONTAKTU Z BOGIEM<\/strong><\/a><\/p>\n<p><strong>Warunki owocnego prze\u017cycia Rekolekcji Ignacja\u0144skich<\/strong><\/p>\n<p><img loading=\"lazy\" decoding=\"async\" src=\"https:\/\/web.archive.org\/web\/20181117150354im_\/http:\/\/www.rekolekcje-jezuici.pl\/images\/M_images\/b051.gif\" alt=\" \" width=\"14\" height=\"14\"> Szczere pragnienie prze\u017cycia \u0106wicze\u0144 z pobudek religijnych i dobrowolna decyzja uczestniczenia w takiej formie rekolekcji.<br \/>\n<img loading=\"lazy\" decoding=\"async\" src=\"https:\/\/web.archive.org\/web\/20181117150354im_\/http:\/\/www.rekolekcje-jezuici.pl\/images\/M_images\/b051.gif\" alt=\" \" width=\"14\" height=\"14\"> Przynajmniej wst\u0119pne praktykowanie przed\u0142u\u017conej codziennej modlitwy.<br \/>\n<img loading=\"lazy\" decoding=\"async\" src=\"https:\/\/web.archive.org\/web\/20181117150354im_\/http:\/\/www.rekolekcje-jezuici.pl\/images\/M_images\/b051.gif\" alt=\" \" width=\"14\" height=\"14\"> Umiej\u0119tno\u015b\u0107 zauwa\u017cania i analizowania w\u0142asnych prze\u017cy\u0107, uczu\u0107 i porusze\u0144 wewn\u0119trznych oraz postawa otwarto\u015bci i wolno\u015bci w dzieleniu si\u0119 nimi z kierownikiem duchowym.<br \/>\n<img loading=\"lazy\" decoding=\"async\" src=\"https:\/\/web.archive.org\/web\/20181117150354im_\/http:\/\/www.rekolekcje-jezuici.pl\/images\/M_images\/b051.gif\" alt=\" \" width=\"14\" height=\"14\"> Wewn\u0119trzne skupienie i zachowanie ca\u0142kowitego milczenia przez ca\u0142y czas trwania rekolekcji.<br \/>\n<img loading=\"lazy\" decoding=\"async\" src=\"https:\/\/web.archive.org\/web\/20181117150354im_\/http:\/\/www.rekolekcje-jezuici.pl\/images\/M_images\/b051.gif\" alt=\" \" width=\"14\" height=\"14\"> W\u0142a\u015bciwe prze\u017cycie rekolekcji domaga si\u0119 pewnej dojrza\u0142o\u015bci i r\u00f3wnowagi psychofizycznej, dlatego s\u0105 one przeznaczone g\u0142\u00f3wnie dla os\u00f3b pe\u0142noletnich.<\/p>\n<p><strong><span style=\"color: #993300\">OPIS ETAP\u00d3W:<\/span><\/strong><\/p>\n<p><img loading=\"lazy\" decoding=\"async\" src=\"https:\/\/web.archive.org\/web\/20181117150354im_\/http:\/\/www.rekolekcje-jezuici.pl\/images\/M_images\/b051.gif\" alt=\" \" width=\"14\" height=\"14\"><strong> Fundament \u0106wicze\u0144 Duchowych<\/strong><\/p>\n<p>Jest to pierwszy i&nbsp;niezb\u0119dny etap \u0106wicze\u0144 Duchowych, od kt\u00f3rych nale\u017cy rozpocz\u0105\u0107 odprawianie rekolekcji. Fundament wprowadza w&nbsp;do\u015bwiadczenie \u017cycia duchowego poprzez poznanie i&nbsp;praktykowanie r\u00f3\u017cnych metod modlitwy, takich jak: medytacja ignacja\u0144ska, ignacja\u0144ski rachunek sumienia. Ta forma rekolekcji wprowadza w&nbsp;do\u015bwiadczenie przed\u0142u\u017conej, osobistej modlitwy i&nbsp;milczenia oraz rozm\u00f3w z&nbsp;osob\u0105 towarzysz\u0105c\u0105 (kierownikiem duchowym &#8211; osob\u0105 duchown\u0105 lub \u015bwieck\u0105).<br \/>\nW czasie 5 dni rekolektant jest zaproszony do refleksji nad podstaw\u0105 swej wiary, nad u\u015bwiadomieniem sobie fundamentu swej relacji do Boga. Jest to spotkanie z&nbsp;mi\u0142o\u015bci\u0105 Boga, kt\u00f3ry pierwszy nas ukocha\u0142. Spotkanie to prowadzi do prawdziwego pokochania siebie, bli\u017aniego i&nbsp;Boga. Jest to czas po\u015bwi\u0119cony tak\u017ce na pojednanie z&nbsp;sob\u0105 samym i&nbsp;akceptacj\u0119 swojego \u017cycia. Jest to pierwszy etap Rekolekcji Ignacja\u0144skich, niezb\u0119dny dla podj\u0119cia nast\u0119puj\u0105cych po nim kolejnych tygodni.<\/p>\n<p><img loading=\"lazy\" decoding=\"async\" class=\"alignright\" src=\"https:\/\/web.archive.org\/web\/20181117150354im_\/http:\/\/www.rekolekcje-jezuici.pl\/images\/rekolekcje\/ee-01.jpg\" alt=\" \" width=\"120\" height=\"221\"><\/p>\n<p><strong><img loading=\"lazy\" decoding=\"async\" src=\"https:\/\/web.archive.org\/web\/20181117150354im_\/http:\/\/www.rekolekcje-jezuici.pl\/images\/M_images\/b051.gif\" alt=\" \" width=\"14\" height=\"14\"> I Tydzie\u0144 &#8211; droga oczyszczenia <\/strong><br \/>\nDroga oczyszczenia to wej\u015bcie w&nbsp;pog\u0142\u0119bion\u0105 refleksj\u0119 nad podstawowym powo\u0142aniem cz\u0142owieka do pe\u0142ni cz\u0142owiecze\u0144stwa, do wi\u0119zi z&nbsp;Bogiem, z&nbsp;innymi lud\u017ami, z&nbsp;otaczaj\u0105cym \u015bwiatem. Umo\u017cliwia ono tak\u017ce pe\u0142niejsze poznanie samego siebie.<br \/>\nMedytacje tego tygodnia pomagaj\u0105 rekolektantowi dostrzec nie\u0142ad w\u0142asnego \u017cycia, odchodzenie od Boga, dynamik\u0119 grzechu i&nbsp;niszcz\u0105c\u0105 si\u0142\u0119 z\u0142a. Cz\u0142owiek w&nbsp;takim do\u015bwiadczeniu jest prowadzony ku spotkaniu z&nbsp;Bogiem \u017cyj\u0105cym i&nbsp;przebaczaj\u0105cym. Pe\u0142ne spotkanie z&nbsp;Mi\u0142osierdziem Boga dokonuje si\u0119 w&nbsp;sakramencie pojednania, zazwyczaj obejmuj\u0105cym ca\u0142e dotychczasowe \u017cycie. Ta droga dokonuje si\u0119 w&nbsp;\u015bwietle S\u0142owa Bo\u017cego i&nbsp;w klimacie modlitwy, bo najwa\u017cniejszym prowadz\u0105cym i&nbsp;uzdrowicielem jest sam B\u00f3g, kt\u00f3ry w&nbsp;Chrystusie pochyla si\u0119 nad cz\u0142owiekiem.<\/p>\n<p><img loading=\"lazy\" decoding=\"async\" class=\"alignright\" src=\"https:\/\/web.archive.org\/web\/20181117150354im_\/http:\/\/www.rekolekcje-jezuici.pl\/images\/rekolekcje\/ee-02.jpg\" alt=\" \" width=\"120\" height=\"221\"><\/p>\n<p><strong><img loading=\"lazy\" decoding=\"async\" src=\"https:\/\/web.archive.org\/web\/20181117150354im_\/http:\/\/www.rekolekcje-jezuici.pl\/images\/M_images\/b051.gif\" alt=\" \" width=\"14\" height=\"14\"> II Tydzie\u0144 &#8211; droga o\u015bwiecenia<\/strong><br \/>\nPo do\u015bwiadczeniu oczyszczaj\u0105cej mocy Bo\u017cego Mi\u0142osierdzia, rekolektant szuka pog\u0142\u0119bionego spotkania z&nbsp;Jezusem Chrystusem i&nbsp;ustawicznie prosi o&nbsp;dar Jego dog\u0142\u0119bnego poznania, aby Go lepiej kocha\u0142 i&nbsp;na\u015bladowa\u0142. Chrystusa przyjmuje on odt\u0105d jako swego Pana i&nbsp;Mistrza. Podstawow\u0105 praktyk\u0105 modlitewn\u0105 na tym etapie \u0106wicze\u0144 jest kontemplacja \u017cycia i&nbsp;dzia\u0142alno\u015bci Jezusa, tak aby Jego spos\u00f3b my\u015blenia, odczuwania i&nbsp;post\u0119powania rekolektant czyni\u0142 coraz bardziej swoim.<br \/>\nStoj\u0105cym przed wyborem drogi \u017cycia kontemplacje tego etapu \u0106wicze\u0144 pomagaj\u0105 zdoby\u0107 wewn\u0119trzn\u0105 wolno\u015b\u0107 i&nbsp;rozezna\u0107 drog\u0119, na kt\u00f3r\u0105 wzywa ich Pan. Osobom, kt\u00f3re dokona\u0142y ju\u017c wyboru stanu \u017cycia, umo\u017cliwiaj\u0105 reform\u0119 \u017cycia oraz pog\u0142\u0119bienie i&nbsp;o\u017cywienie wiary.<\/p>\n<p><img loading=\"lazy\" decoding=\"async\" class=\"alignright\" src=\"https:\/\/web.archive.org\/web\/20181117150354im_\/http:\/\/www.rekolekcje-jezuici.pl\/images\/rekolekcje\/ee-03.jpg\" alt=\" \" width=\"120\" height=\"224\"><\/p>\n<p><strong><img loading=\"lazy\" decoding=\"async\" src=\"https:\/\/web.archive.org\/web\/20181117150354im_\/http:\/\/www.rekolekcje-jezuici.pl\/images\/M_images\/b051.gif\" alt=\" \" width=\"14\" height=\"14\"> III Tydzie\u0144 &#8211; droga zjednoczenia<\/strong><br \/>\nW trzecim tygodniu kontempluje si\u0119 \u017cycie Jezusa, od ostatniej wieczerzy a\u017c do \u015bmierci na krzy\u017cu i&nbsp;pogrzebu. Teraz rekolektant, po dokonanym wyborze, wpatruj\u0105c si\u0119 w&nbsp;um\u0119czonego Chrystusa, u\u015bwiadamia sobie, \u017ce tak b\u0119dzie cz\u0119sto wygl\u0105da\u0142a jego droga. Zdecydowa\u0142 si\u0119 jednak na na\u015bladowanie Jezusa we wszystkim, tak\u017ce w&nbsp;krzy\u017cu. Kontemplacje m\u0119ki Jezusa maj\u0105 t\u0119 wierno\u015b\u0107 potwierdzi\u0107 i&nbsp;umocni\u0107. Nic bowiem tak nie jednoczy ze Zbawicielem, jak wsp\u00f3lnie niesiony krzy\u017c.<\/p>\n<p>&nbsp;<\/p>\n<p><strong><img loading=\"lazy\" decoding=\"async\" src=\"https:\/\/web.archive.org\/web\/20181117150354im_\/http:\/\/www.rekolekcje-jezuici.pl\/images\/M_images\/b051.gif\" alt=\" \" width=\"14\" height=\"14\"> IV Tydzie\u0144 &#8211; droga zjednoczenia cd.<\/strong><br \/>\n<img loading=\"lazy\" decoding=\"async\" class=\"alignright\" src=\"https:\/\/web.archive.org\/web\/20181117150354im_\/http:\/\/www.rekolekcje-jezuici.pl\/images\/rekolekcje\/ee-04.jpg\" alt=\" \" width=\"120\" height=\"233\">Ignacy ko\u0144czy swoje \u0106wiczenia kontemplacj\u0105 Chrystusa Zmartwychwsta\u0142ego. Jest ona logicznym nast\u0119pstwem trzeciego tygodnia. Bowiem tylko ten, kto wytrwa z&nbsp;Jezusem w&nbsp;krzy\u017cu, zazna razem z&nbsp;Nim rado\u015bci i&nbsp;chwa\u0142y zmartwychwstania.<br \/>\nKontemplacja Jezusa zmartwychwsta\u0142ego ukazuje, \u017ce ostatecznym celem ludzkiego \u017cycia jest udzia\u0142 w&nbsp;wiecznym szcz\u0119\u015bciu Boga. \u015awiadomo\u015b\u0107 tego pozwala nam zachowa\u0107 nadziej\u0119 i&nbsp;wewn\u0119trzny pok\u00f3j w&nbsp;chwilach pr\u00f3b i&nbsp;przeciwno\u015bci \u017cyciowych.<br \/>\nNa zako\u0144czenie rekolekcyjnej drogi \u015bw. Ignacy proponuje &#8222;Kontemplacj\u0119 dla uzyskania mi\u0142o\u015bci&#8221;, kt\u00f3ra jest swego rodzaju pomostem mi\u0119dzy czasem intensywnej modlitwy a&nbsp;codzienno\u015bci\u0105. Ma ona pom\u00f3c rekolektantowi odda\u0107 si\u0119 jeszcze pe\u0142niej do dyspozycji Pana Boga. Ma nauczy\u0107 go odnajdywania Boga we wszystkich rzeczach. St\u0105d ca\u0142e \u0106wiczenia ko\u0144cz\u0105 si\u0119 wymown\u0105 i&nbsp;pi\u0119kn\u0105 modlitw\u0105: &#8222;Zabierz Panie i&nbsp;przyjmij &#8230;, cokolwiek mam i&nbsp;posiadam&#8221;.<\/p>\n<p>&#8212;&#8212;&#8212;&#8212;&#8212;&#8212;&#8212;&#8212;&#8212;&#8212;&#8212;&#8212;&#8212;<\/p>\n<p>Tekst zaczerpni\u0119ty ze strony: <em>Jezuickie O\u015brodki Rekolekcyjne<\/em><\/p>\n<p>&nbsp;<\/p>\n<p>&nbsp;<\/p>\n<\/div>\n","protected":false},"excerpt":{"rendered":"<p>Czym s\u0105 rekolekcje ignacja\u0144skie? Autorem \u0106wicze\u0144 duchowych, bo taka jest oryginalna nazwa rekolekcji ignacja\u0144skich, jest \u015bw. Ignacy Loyola (1491-1556), za\u0142o\u017cyciel zakonu Jezuit\u00f3w. S\u0105 one form\u0105 rekolekcji w&nbsp;ca\u0142kowitym milczeniu. Ucz\u0105 spotkania z&nbsp;Bogiem poprzez rozwa\u017canie S\u0142owa Bo\u017cego zawartego w&nbsp;Pi\u015bmie \u015awi\u0119tym. S\u0105 tak\u017ce \u015bcie\u017ck\u0105 poznania i&nbsp;spotkania ze sob\u0105 samym. Zak\u0142adaj\u0105, \u017ce do poznania Boga potrzebne jest poznanie siebie. [&hellip;]<\/p>\n","protected":false},"author":207,"featured_media":0,"parent":0,"menu_order":0,"comment_status":"closed","ping_status":"closed","template":"","meta":{"_et_pb_use_builder":"","_et_pb_old_content":"","_et_gb_content_width":"","ngg_post_thumbnail":0,"footnotes":""},"class_list":["post-1176","page","type-page","status-publish","hentry"],"_links":{"self":[{"href":"https:\/\/przegorzaly.pl\/index.php?rest_route=\/wp\/v2\/pages\/1176","targetHints":{"allow":["GET"]}}],"collection":[{"href":"https:\/\/przegorzaly.pl\/index.php?rest_route=\/wp\/v2\/pages"}],"about":[{"href":"https:\/\/przegorzaly.pl\/index.php?rest_route=\/wp\/v2\/types\/page"}],"author":[{"embeddable":true,"href":"https:\/\/przegorzaly.pl\/index.php?rest_route=\/wp\/v2\/users\/207"}],"replies":[{"embeddable":true,"href":"https:\/\/przegorzaly.pl\/index.php?rest_route=%2Fwp%2Fv2%2Fcomments&post=1176"}],"version-history":[{"count":29,"href":"https:\/\/przegorzaly.pl\/index.php?rest_route=\/wp\/v2\/pages\/1176\/revisions"}],"predecessor-version":[{"id":1685,"href":"https:\/\/przegorzaly.pl\/index.php?rest_route=\/wp\/v2\/pages\/1176\/revisions\/1685"}],"wp:attachment":[{"href":"https:\/\/przegorzaly.pl\/index.php?rest_route=%2Fwp%2Fv2%2Fmedia&parent=1176"}],"curies":[{"name":"wp","href":"https:\/\/api.w.org\/{rel}","templated":true}]}}