{"id":103,"date":"2022-02-14T11:37:53","date_gmt":"2022-02-14T10:37:53","guid":{"rendered":"https:\/\/przegorzaly.ccmiatfdtj.cfolks.pl\/?page_id=103"},"modified":"2024-02-27T23:42:36","modified_gmt":"2024-02-27T22:42:36","slug":"korespondencyjny-kurs-biblijny","status":"publish","type":"page","link":"https:\/\/przegorzaly.pl\/?page_id=103","title":{"rendered":"Korespondencyjny Kurs Biblijny"},"content":{"rendered":"<p><span style=\"color: #000000\">Celem kursu jest lepsza znajomo\u015b\u0107 Pisma \u015awi\u0119tego. W kursie mo\u017ce bra\u0107 ud\u00adzia\u0142 ka\u017cdy zainteresowany Pismem \u015bw.<\/span><\/p>\n<p><span style=\"color: #000000\">Wi\u0119cej informacji o Korespondencyjnym Kursie Bi\u00adblijnym na<\/span>&nbsp; <a href=\"https:\/\/kursbiblijny.jezuici.pl\/\" target=\"_blank\" rel=\"noopener\"><strong>stronie www<\/strong><\/a><a href=\"https:\/\/kursbiblijny.jezuici.pl\/\" target=\"_blank\" rel=\"noopener\"><img loading=\"lazy\" decoding=\"async\" class=\"aligncenter wp-image-589 size-medium\" src=\"https:\/\/przegorzaly.pl\/files\/2022\/09\/kkbs-300x161.jpg\" alt=\"\" width=\"300\" height=\"161\" srcset=\"https:\/\/przegorzaly.pl\/files\/2022\/09\/kkbs-300x161.jpg 300w, https:\/\/przegorzaly.pl\/files\/2022\/09\/kkbs.jpg 700w\" sizes=\"(max-width: 300px) 100vw, 300px\" \/><\/a><\/p>\n","protected":false},"excerpt":{"rendered":"<p>Celem kursu jest lepsza znajomo\u015b\u0107 Pisma \u015awi\u0119tego. W kursie mo\u017ce bra\u0107 ud\u00adzia\u0142 ka\u017cdy zainteresowany Pismem \u015bw. Wi\u0119cej informacji o Korespondencyjnym Kursie Bi\u00adblijnym na&nbsp; stronie www<\/p>\n","protected":false},"author":207,"featured_media":0,"parent":0,"menu_order":7,"comment_status":"closed","ping_status":"closed","template":"","meta":{"_et_pb_use_builder":"","_et_pb_old_content":"","_et_gb_content_width":"","ngg_post_thumbnail":0,"footnotes":""},"class_list":["post-103","page","type-page","status-publish","hentry"],"_links":{"self":[{"href":"https:\/\/przegorzaly.pl\/index.php?rest_route=\/wp\/v2\/pages\/103","targetHints":{"allow":["GET"]}}],"collection":[{"href":"https:\/\/przegorzaly.pl\/index.php?rest_route=\/wp\/v2\/pages"}],"about":[{"href":"https:\/\/przegorzaly.pl\/index.php?rest_route=\/wp\/v2\/types\/page"}],"author":[{"embeddable":true,"href":"https:\/\/przegorzaly.pl\/index.php?rest_route=\/wp\/v2\/users\/207"}],"replies":[{"embeddable":true,"href":"https:\/\/przegorzaly.pl\/index.php?rest_route=%2Fwp%2Fv2%2Fcomments&post=103"}],"version-history":[{"count":14,"href":"https:\/\/przegorzaly.pl\/index.php?rest_route=\/wp\/v2\/pages\/103\/revisions"}],"predecessor-version":[{"id":1600,"href":"https:\/\/przegorzaly.pl\/index.php?rest_route=\/wp\/v2\/pages\/103\/revisions\/1600"}],"wp:attachment":[{"href":"https:\/\/przegorzaly.pl\/index.php?rest_route=%2Fwp%2Fv2%2Fmedia&parent=103"}],"curies":[{"name":"wp","href":"https:\/\/api.w.org\/{rel}","templated":true}]}}